{"id":76111,"date":"2018-03-29T22:04:20","date_gmt":"2018-03-29T22:04:20","guid":{"rendered":"https:\/\/couvreuremilelelievre.ca\/wordpress\/?page_id=76111"},"modified":"2025-07-04T19:08:00","modified_gmt":"2025-07-04T19:08:00","slug":"about","status":"publish","type":"page","link":"https:\/\/couvreuremilelelievre.ca\/en\/about\/","title":{"rendered":"About"},"content":{"rendered":"<p>[vc_row css=&#8221;.vc_custom_1525220323634{padding-top: 60px !important;}&#8221;][vc_column][vc_custom_heading text=&#8221;\u00c9mile Leli\u00e8vre Ferblantier Couvreur &#8221; font_container=&#8221;tag:h1|text_align:center|color:%23112c3f&#8221;][vc_custom_heading text=&#8221;At your service since 1921!&#8221; font_container=&#8221;tag:h2|text_align:center|color:%2309a6d5&#8243;][vc_empty_space height=&#8221;85px&#8221;][vc_column_text]<\/p>\n<p id=\"tw-target-text\" class=\"tw-data-text tw-text-large XcVN5d tw-ta\" dir=\"ltr\" data-placeholder=\"Translation\"><strong><span class=\"Y2IQFc\" lang=\"en\">In 2021, the \u00c9mile Leli\u00e8vre Ferblantier Couvreur company is celebrating its centenary with a fourth generation of Leli\u00e8vre at the helm! Quite an accomplishment when the hundred-year-old SMEs are not legion in Quebec.<\/span><\/strong><\/p>\n<p><img decoding=\"async\" class=\"size-medium wp-image-77893 aligncenter\" src=\"https:\/\/couvreuremilelelievre.ca\/wp-content\/uploads\/2021\/01\/Logo-Couvreur-Emile-Lelievre-Ferblantier-100-ans-de-savoir-faire-ELFC_2017_Couleurs100ans600x380-300x214.png\" alt=\"Logo-Couvreur Emile Lelievre Ferblantier 100 ans de savoir-faire ELFC_2017_Couleurs100ans600x380\" width=\"300\" height=\"214\" srcset=\"https:\/\/couvreuremilelelievre.ca\/wp-content\/uploads\/2021\/01\/Logo-Couvreur-Emile-Lelievre-Ferblantier-100-ans-de-savoir-faire-ELFC_2017_Couleurs100ans600x380-300x214.png 300w, https:\/\/couvreuremilelelievre.ca\/wp-content\/uploads\/2021\/01\/Logo-Couvreur-Emile-Lelievre-Ferblantier-100-ans-de-savoir-faire-ELFC_2017_Couleurs100ans600x380.png 532w\" sizes=\"(max-width: 300px) 100vw, 300px\" \/>[\/vc_column_text][\/vc_column][\/vc_row][vc_row][vc_column][vc_empty_space height=&#8221;60px&#8221;][\/vc_column][\/vc_row][vc_row][vc_column][vc_column_text]<\/p>\n<p class=\"p1\"><span class=\"s1\"><img decoding=\"async\" class=\"wp-image-76450 size-medium alignleft\" src=\"https:\/\/couvreuremilelelievre.ca\/wp-content\/uploads\/2018\/04\/Triplex-et-duplex-debut-du-siecle-300x242.jpg\" alt=\"\" width=\"300\" height=\"242\" srcset=\"https:\/\/couvreuremilelelievre.ca\/wp-content\/uploads\/2018\/04\/Triplex-et-duplex-debut-du-siecle-300x242.jpg 300w, https:\/\/couvreuremilelelievre.ca\/wp-content\/uploads\/2018\/04\/Triplex-et-duplex-debut-du-siecle.jpg 600w\" sizes=\"(max-width: 300px) 100vw, 300px\" \/><\/span><\/p>\n<p>&nbsp;<\/p>\n<p>&nbsp;<\/p>\n<p id=\"tw-target-text\" class=\"tw-data-text tw-text-large XcVN5d tw-ta\" dir=\"ltr\" data-placeholder=\"Translation\"><span class=\"Y2IQFc\" lang=\"en\">In just over 9 decades,<strong> \u00c9mile Leli\u00e8vre Ferblantier Couvreur&#8217;s<\/strong> company has experienced the two great wars, the economic crisis of 1929, the oil shock of the 1970s, the great cultural and social changes in Quebec, not to mention the many periods of economic downturn.<\/span><\/p>\n<p>[\/vc_column_text][\/vc_column][\/vc_row][vc_row][vc_column][vc_empty_space height=&#8221;40px&#8221;][\/vc_column][\/vc_row][vc_row][vc_column][vc_empty_space height=&#8221;60px&#8221;][vc_column_text]<\/p>\n<p class=\"p1\"><span class=\"s1\"><img decoding=\"async\" class=\"size-medium wp-image-76069 alignright\" src=\"https:\/\/couvreuremilelelievre.ca\/wp-content\/uploads\/2018\/03\/Resized_20180319_185902-225x300.jpeg\" alt=\"\" width=\"225\" height=\"300\" srcset=\"https:\/\/couvreuremilelelievre.ca\/wp-content\/uploads\/2018\/03\/Resized_20180319_185902-225x300.jpeg 225w, https:\/\/couvreuremilelelievre.ca\/wp-content\/uploads\/2018\/03\/Resized_20180319_185902-768x1024.jpeg 768w, https:\/\/couvreuremilelelievre.ca\/wp-content\/uploads\/2018\/03\/Resized_20180319_185902.jpeg 1080w\" sizes=\"(max-width: 225px) 100vw, 225px\" \/><\/span><\/p>\n<p class=\"p1\" style=\"text-align: left;\"><span class=\"s1\">\u00a0<\/span><\/p>\n<p class=\"p1\" style=\"text-align: left;\"><span class=\"s1\">\u00a0<\/span><\/p>\n<p id=\"tw-target-text\" class=\"tw-data-text tw-text-large XcVN5d tw-ta\" dir=\"ltr\" data-placeholder=\"Translation\"><span class=\"Y2IQFc\" lang=\"en\">If the company has been maintained for so long, it is thanks to cutting-edge know-how, unparalleled customer service and strong entrepreneurial values \u200b\u200bthat founder <strong>\u00c9mile Leli\u00e8vre<\/strong> was able to pass on to his sons who , in turn, passed the torch to their children. \u201cThe four sons have all grown up and moved on with the business, so it made sense for them to take over the reins. They are the ones who have developed the company, its reputation and its know-how &#8220;, underlines the current manager of the company, Maurice Leli\u00e8vre.<\/span><\/p>\n<p>[\/vc_column_text][\/vc_column][\/vc_row][vc_row][vc_column][vc_empty_space height=&#8221;40px&#8221;][\/vc_column][\/vc_row][vc_row][vc_column][vc_empty_space height=&#8221;50px&#8221;][vc_column_text]<\/p>\n<p class=\"p1\"><span class=\"s1\"><img decoding=\"async\" class=\"size-medium wp-image-76070 alignleft\" src=\"https:\/\/couvreuremilelelievre.ca\/wp-content\/uploads\/2018\/03\/Resized_20180319_190620-225x300.jpeg\" alt=\"\" width=\"225\" height=\"300\" srcset=\"https:\/\/couvreuremilelelievre.ca\/wp-content\/uploads\/2018\/03\/Resized_20180319_190620-225x300.jpeg 225w, https:\/\/couvreuremilelelievre.ca\/wp-content\/uploads\/2018\/03\/Resized_20180319_190620-768x1024.jpeg 768w, https:\/\/couvreuremilelelievre.ca\/wp-content\/uploads\/2018\/03\/Resized_20180319_190620.jpeg 1080w\" sizes=\"(max-width: 225px) 100vw, 225px\" \/><br \/>\n<\/span><\/p>\n<p>&nbsp;<\/p>\n<p id=\"tw-target-text\" class=\"tw-data-text tw-text-large XcVN5d tw-ta\" dir=\"ltr\" data-placeholder=\"Translation\"><span class=\"Y2IQFc\" lang=\"en\">Until the 1980s, roofing work was less complex than it is today. A tarred membrane and gravel were used to cover the roofs and the work was done by teams of 6 or 7 workers, often hired the day before a contract as needed, and the teams were trained on site. \u201cIt was hard manual work! The equipment used at the time consisted of rather rudimentary means (pulley, rope and metal bucket) and everything was hand-held with elbow grease! &#8220;<\/span><\/p>\n<p>[\/vc_column_text][\/vc_column][\/vc_row][vc_row][vc_column][vc_empty_space height=&#8221;60px&#8221;][\/vc_column][\/vc_row][vc_row][vc_column][vc_column_text]<img decoding=\"async\" class=\"wp-image-76638 size-full alignright\" src=\"https:\/\/couvreuremilelelievre.ca\/wp-content\/uploads\/2018\/05\/Maurice-Lelirvre.jpg\" alt=\"Maurice Lelirvre\" width=\"150\" height=\"150\" srcset=\"https:\/\/couvreuremilelelievre.ca\/wp-content\/uploads\/2018\/05\/Maurice-Lelirvre.jpg 150w, https:\/\/couvreuremilelelievre.ca\/wp-content\/uploads\/2018\/05\/Maurice-Lelirvre-100x100.jpg 100w\" sizes=\"(max-width: 150px) 100vw, 150px\" \/><\/p>\n<p>&nbsp;<\/p>\n<p id=\"tw-target-text\" class=\"tw-data-text tw-text-large XcVN5d tw-ta\" dir=\"ltr\" data-placeholder=\"Translation\"><span class=\"Y2IQFc\" lang=\"en\">In 1985, <strong>\u00c9mile Leli\u00e8vre Ferblantier Couvreur<\/strong> became the property of the two grandsons of \u00c9mile Leli\u00e8vre, <strong>Maurice Leli\u00e8vre<\/strong> and <strong>Alain Leli\u00e8vre<\/strong>. Having become the sole owner of the family business since 1997, <strong>Maurice Leli\u00e8vre<\/strong>, always anxious to meet the growing needs of his customers, undertook to perfect the development of the company with the purchase of modern equipment as well as opening of a new office to offer superior quality service and state-of-the-art materials.<\/span><\/p>\n<p>[\/vc_column_text][\/vc_column][\/vc_row][vc_row][vc_column][vc_empty_space height=&#8221;60px&#8221;][\/vc_column][\/vc_row][vc_row][vc_column][vc_column_text]<img decoding=\"async\" class=\"alignleft wp-image-77968 size-thumbnail\" src=\"https:\/\/couvreuremilelelievre.ca\/wp-content\/uploads\/2021\/04\/Jacinthe-Lelievre300px-150x150.jpg\" alt=\"\" width=\"150\" height=\"150\" srcset=\"https:\/\/couvreuremilelelievre.ca\/wp-content\/uploads\/2021\/04\/Jacinthe-Lelievre300px-150x150.jpg 150w, https:\/\/couvreuremilelelievre.ca\/wp-content\/uploads\/2021\/04\/Jacinthe-Lelievre300px-100x100.jpg 100w\" sizes=\"(max-width: 150px) 100vw, 150px\" \/><\/p>\n<p id=\"tw-target-text\" class=\"tw-data-text tw-text-large XcVN5d tw-ta\" dir=\"ltr\" data-placeholder=\"Translation\"><span class=\"Y2IQFc\" lang=\"en\">Since 2009, <strong>Jacinthe Leli\u00e8vre,<\/strong> one of Maurice Leli\u00e8vre&#8217;s daughters, has worked in the family business. Over the past 9 years, she has held various positions and followed training courses on estimation, roof inspection, management of a construction company at the Le Chantier training center in Laval and installation single-layer membrane, in addition to having received PAQ + S accreditation from Soprema. Jacinthe is part of the fourth generation of <strong>\u00c9mile Leli\u00e8vre Ferblantier Couvreur<\/strong> and will take over the family business.<\/span><\/p>\n<p>[\/vc_column_text][\/vc_column][\/vc_row][vc_row][vc_column][vc_empty_space][vc_column_text][\/vc_column_text][vc_empty_space height=&#8221;45px&#8221;][\/vc_column][\/vc_row][vc_row css=&#8221;.vc_custom_1525540282737{margin-top: 60px !important;margin-bottom: 60px !important;padding-top: 20px !important;padding-bottom: 20px !important;background-color: #1c273d !important;}&#8221;][vc_column width=&#8221;2\/3&#8243; css=&#8221;.vc_custom_1525539992784{margin-top: 0px !important;margin-bottom: 0px !important;border-top-width: 0px !important;border-bottom-width: 0px !important;padding-top: 0px !important;padding-bottom: 0px !important;}&#8221;][vc_custom_heading text=&#8221;Roofing expert for 100 years&#8221; font_container=&#8221;tag:h3|font_size:22px|text_align:left|color:%23fcfcfc|line_height:50px&#8221; use_theme_fonts=&#8221;yes&#8221; css=&#8221;.vc_custom_1618513252000{margin-top: 0px !important;margin-bottom: 0px !important;border-top-width: 0px !important;border-bottom-width: 0px !important;padding-top: 0px !important;padding-bottom: 0px !important;}&#8221;][\/vc_column][vc_column width=&#8221;1\/3&#8243; css=&#8221;.vc_custom_1525540006171{margin-top: 0px !important;margin-bottom: 0px !important;border-top-width: 0px !important;border-bottom-width: 0px !important;padding-top: 0px !important;padding-bottom: 0px !important;}&#8221;][vc_btn title=&#8221; Request a quote&#8221; shape=&#8221;round&#8221; color=&#8221;peacoc&#8221; size=&#8221;lg&#8221; align=&#8221;right&#8221; i_icon_fontawesome=&#8221;fa fa-sign-out&#8221; add_icon=&#8221;true&#8221; link=&#8221;url:https%3A%2F%2Fcouvreuremilelelievre.ca%2Fen%2Fcontact%2F|||&#8221; css=&#8221;.vc_custom_1751656072161{margin-top: 0px !important;margin-bottom: 0px !important;border-top-width: 0px !important;border-bottom-width: 0px !important;padding-top: 0px !important;padding-bottom: 0px !important;}&#8221;][\/vc_column][\/vc_row]<\/p>\n","protected":false},"excerpt":{"rendered":"<p>[vc_row css=&#8221;.vc_custom_1525220323634{padding-top: 60px !important;}&#8221;][vc_column][vc_custom_heading text=&#8221;\u00c9mile Leli\u00e8vre Ferblantier Couvreur &#8221; font_container=&#8221;tag:h1|text_align:center|color:%23112c3f&#8221;][vc_custom_heading text=&#8221;At your service since 1921!&#8221; font_container=&#8221;tag:h2|text_align:center|color:%2309a6d5&#8243;][vc_empty_space height=&#8221;85px&#8221;][vc_column_text] In 2021, the \u00c9mile Leli\u00e8vre Ferblantier Couvreur company is celebrating its centenary with a fourth generation of Leli\u00e8vre at the helm! Quite an accomplishment when the hundred-year-old SMEs are not legion in Quebec. [\/vc_column_text][\/vc_column][\/vc_row][vc_row][vc_column][vc_empty_space height=&#8221;60px&#8221;][\/vc_column][\/vc_row][vc_row][vc_column][vc_column_text] &nbsp; &nbsp; In [&hellip;]<\/p>\n","protected":false},"author":1,"featured_media":77846,"parent":0,"menu_order":0,"comment_status":"closed","ping_status":"closed","template":"","meta":{"_mi_skip_tracking":false,"footnotes":""},"class_list":["post-76111","page","type-page","status-publish","has-post-thumbnail","hentry"],"yoast_head":"<!-- This site is optimized with the Yoast SEO plugin v27.4 - https:\/\/yoast.com\/product\/yoast-seo-wordpress\/ -->\n<title>About \u00c9mile Leli\u00e8vre Ferblantier Couvreur Montreal<\/title>\n<meta name=\"description\" content=\"In 2021, Emile Lelievre Ferblantier Couvreur celebrate its 100th anniversary, with a fourth-generation Leli\u00e8vre family member at the helm! Quite a feat\" \/>\n<meta name=\"robots\" content=\"index, follow, max-snippet:-1, max-image-preview:large, max-video-preview:-1\" \/>\n<link rel=\"canonical\" href=\"https:\/\/couvreuremilelelievre.ca\/en\/about\/\" \/>\n<meta property=\"og:locale\" content=\"en_US\" \/>\n<meta property=\"og:type\" content=\"article\" \/>\n<meta property=\"og:title\" content=\"About \u00c9mile Leli\u00e8vre Ferblantier Couvreur Montreal\" \/>\n<meta property=\"og:description\" content=\"In 2021, Emile Lelievre Ferblantier Couvreur celebrate its 100th anniversary, with a fourth-generation Leli\u00e8vre family member at the helm! Quite a feat\" \/>\n<meta property=\"og:url\" content=\"https:\/\/couvreuremilelelievre.ca\/en\/about\/\" \/>\n<meta property=\"og:site_name\" content=\"couvreuremilelelievre\" \/>\n<meta property=\"article:publisher\" content=\"https:\/\/www.facebook.com\/couvreuremilelelievre\/\" \/>\n<meta property=\"article:modified_time\" content=\"2025-07-04T19:08:00+00:00\" \/>\n<meta property=\"og:image\" content=\"https:\/\/couvreuremilelelievre.ca\/wp-content\/uploads\/2020\/01\/visuel-recrutementELFC-1bis.jpg\" \/>\n\t<meta property=\"og:image:width\" content=\"1920\" \/>\n\t<meta property=\"og:image:height\" content=\"765\" \/>\n\t<meta property=\"og:image:type\" content=\"image\/jpeg\" \/>\n<meta name=\"twitter:card\" content=\"summary_large_image\" \/>\n<meta name=\"twitter:label1\" content=\"Est. reading time\" \/>\n\t<meta name=\"twitter:data1\" content=\"4 minutes\" \/>\n<script type=\"application\/ld+json\" class=\"yoast-schema-graph\">{\"@context\":\"https:\\\/\\\/schema.org\",\"@graph\":[{\"@type\":\"WebPage\",\"@id\":\"https:\\\/\\\/couvreuremilelelievre.ca\\\/en\\\/about\\\/\",\"url\":\"https:\\\/\\\/couvreuremilelelievre.ca\\\/en\\\/about\\\/\",\"name\":\"About \u00c9mile Leli\u00e8vre Ferblantier Couvreur Montreal\",\"isPartOf\":{\"@id\":\"https:\\\/\\\/couvreuremilelelievre.ca\\\/#website\"},\"primaryImageOfPage\":{\"@id\":\"https:\\\/\\\/couvreuremilelelievre.ca\\\/en\\\/about\\\/#primaryimage\"},\"image\":{\"@id\":\"https:\\\/\\\/couvreuremilelelievre.ca\\\/en\\\/about\\\/#primaryimage\"},\"thumbnailUrl\":\"https:\\\/\\\/couvreuremilelelievre.ca\\\/wp-content\\\/uploads\\\/2020\\\/01\\\/visuel-recrutementELFC-1bis.jpg\",\"datePublished\":\"2018-03-29T22:04:20+00:00\",\"dateModified\":\"2025-07-04T19:08:00+00:00\",\"description\":\"In 2021, Emile Lelievre Ferblantier Couvreur celebrate its 100th anniversary, with a fourth-generation Leli\u00e8vre family member at the helm! Quite a feat\",\"breadcrumb\":{\"@id\":\"https:\\\/\\\/couvreuremilelelievre.ca\\\/en\\\/about\\\/#breadcrumb\"},\"inLanguage\":\"en-US\",\"potentialAction\":[{\"@type\":\"ReadAction\",\"target\":[\"https:\\\/\\\/couvreuremilelelievre.ca\\\/en\\\/about\\\/\"]}]},{\"@type\":\"ImageObject\",\"inLanguage\":\"en-US\",\"@id\":\"https:\\\/\\\/couvreuremilelelievre.ca\\\/en\\\/about\\\/#primaryimage\",\"url\":\"https:\\\/\\\/couvreuremilelelievre.ca\\\/wp-content\\\/uploads\\\/2020\\\/01\\\/visuel-recrutementELFC-1bis.jpg\",\"contentUrl\":\"https:\\\/\\\/couvreuremilelelievre.ca\\\/wp-content\\\/uploads\\\/2020\\\/01\\\/visuel-recrutementELFC-1bis.jpg\",\"width\":1920,\"height\":765,\"caption\":\"Montreal-Immeuble-toit-emile-Lelievre-Couvreur-Ferblantier\"},{\"@type\":\"BreadcrumbList\",\"@id\":\"https:\\\/\\\/couvreuremilelelievre.ca\\\/en\\\/about\\\/#breadcrumb\",\"itemListElement\":[{\"@type\":\"ListItem\",\"position\":1,\"name\":\"Home\",\"item\":\"https:\\\/\\\/couvreuremilelelievre.ca\\\/en\\\/accueil\\\/\"},{\"@type\":\"ListItem\",\"position\":2,\"name\":\"About\"}]},{\"@type\":\"WebSite\",\"@id\":\"https:\\\/\\\/couvreuremilelelievre.ca\\\/#website\",\"url\":\"https:\\\/\\\/couvreuremilelelievre.ca\\\/\",\"name\":\"couvreuremilelelievre\",\"description\":\"Emile Leli\u00e8vre - Services toitures r\u00e9sidentielles et commerciales\",\"publisher\":{\"@id\":\"https:\\\/\\\/couvreuremilelelievre.ca\\\/#organization\"},\"potentialAction\":[{\"@type\":\"SearchAction\",\"target\":{\"@type\":\"EntryPoint\",\"urlTemplate\":\"https:\\\/\\\/couvreuremilelelievre.ca\\\/?s={search_term_string}\"},\"query-input\":{\"@type\":\"PropertyValueSpecification\",\"valueRequired\":true,\"valueName\":\"search_term_string\"}}],\"inLanguage\":\"en-US\"},{\"@type\":\"Organization\",\"@id\":\"https:\\\/\\\/couvreuremilelelievre.ca\\\/#organization\",\"name\":\"Emile Leli\u00e8vre Ferblantier Couvreur\",\"url\":\"https:\\\/\\\/couvreuremilelelievre.ca\\\/\",\"logo\":{\"@type\":\"ImageObject\",\"inLanguage\":\"en-US\",\"@id\":\"https:\\\/\\\/couvreuremilelelievre.ca\\\/#\\\/schema\\\/logo\\\/image\\\/\",\"url\":\"https:\\\/\\\/couvreuremilelelievre.ca\\\/wp-content\\\/uploads\\\/2018\\\/01\\\/Logo.png\",\"contentUrl\":\"https:\\\/\\\/couvreuremilelelievre.ca\\\/wp-content\\\/uploads\\\/2018\\\/01\\\/Logo.png\",\"width\":300,\"height\":300,\"caption\":\"Emile Leli\u00e8vre Ferblantier Couvreur\"},\"image\":{\"@id\":\"https:\\\/\\\/couvreuremilelelievre.ca\\\/#\\\/schema\\\/logo\\\/image\\\/\"},\"sameAs\":[\"https:\\\/\\\/www.facebook.com\\\/couvreuremilelelievre\\\/\",\"https:\\\/\\\/www.linkedin.com\\\/company\\\/11247181\\\/\"]}]}<\/script>\n<!-- \/ Yoast SEO plugin. -->","yoast_head_json":{"title":"About \u00c9mile Leli\u00e8vre Ferblantier Couvreur Montreal","description":"In 2021, Emile Lelievre Ferblantier Couvreur celebrate its 100th anniversary, with a fourth-generation Leli\u00e8vre family member at the helm! Quite a feat","robots":{"index":"index","follow":"follow","max-snippet":"max-snippet:-1","max-image-preview":"max-image-preview:large","max-video-preview":"max-video-preview:-1"},"canonical":"https:\/\/couvreuremilelelievre.ca\/en\/about\/","og_locale":"en_US","og_type":"article","og_title":"About \u00c9mile Leli\u00e8vre Ferblantier Couvreur Montreal","og_description":"In 2021, Emile Lelievre Ferblantier Couvreur celebrate its 100th anniversary, with a fourth-generation Leli\u00e8vre family member at the helm! Quite a feat","og_url":"https:\/\/couvreuremilelelievre.ca\/en\/about\/","og_site_name":"couvreuremilelelievre","article_publisher":"https:\/\/www.facebook.com\/couvreuremilelelievre\/","article_modified_time":"2025-07-04T19:08:00+00:00","og_image":[{"width":1920,"height":765,"url":"https:\/\/couvreuremilelelievre.ca\/wp-content\/uploads\/2020\/01\/visuel-recrutementELFC-1bis.jpg","type":"image\/jpeg"}],"twitter_card":"summary_large_image","twitter_misc":{"Est. reading time":"4 minutes"},"schema":{"@context":"https:\/\/schema.org","@graph":[{"@type":"WebPage","@id":"https:\/\/couvreuremilelelievre.ca\/en\/about\/","url":"https:\/\/couvreuremilelelievre.ca\/en\/about\/","name":"About \u00c9mile Leli\u00e8vre Ferblantier Couvreur Montreal","isPartOf":{"@id":"https:\/\/couvreuremilelelievre.ca\/#website"},"primaryImageOfPage":{"@id":"https:\/\/couvreuremilelelievre.ca\/en\/about\/#primaryimage"},"image":{"@id":"https:\/\/couvreuremilelelievre.ca\/en\/about\/#primaryimage"},"thumbnailUrl":"https:\/\/couvreuremilelelievre.ca\/wp-content\/uploads\/2020\/01\/visuel-recrutementELFC-1bis.jpg","datePublished":"2018-03-29T22:04:20+00:00","dateModified":"2025-07-04T19:08:00+00:00","description":"In 2021, Emile Lelievre Ferblantier Couvreur celebrate its 100th anniversary, with a fourth-generation Leli\u00e8vre family member at the helm! Quite a feat","breadcrumb":{"@id":"https:\/\/couvreuremilelelievre.ca\/en\/about\/#breadcrumb"},"inLanguage":"en-US","potentialAction":[{"@type":"ReadAction","target":["https:\/\/couvreuremilelelievre.ca\/en\/about\/"]}]},{"@type":"ImageObject","inLanguage":"en-US","@id":"https:\/\/couvreuremilelelievre.ca\/en\/about\/#primaryimage","url":"https:\/\/couvreuremilelelievre.ca\/wp-content\/uploads\/2020\/01\/visuel-recrutementELFC-1bis.jpg","contentUrl":"https:\/\/couvreuremilelelievre.ca\/wp-content\/uploads\/2020\/01\/visuel-recrutementELFC-1bis.jpg","width":1920,"height":765,"caption":"Montreal-Immeuble-toit-emile-Lelievre-Couvreur-Ferblantier"},{"@type":"BreadcrumbList","@id":"https:\/\/couvreuremilelelievre.ca\/en\/about\/#breadcrumb","itemListElement":[{"@type":"ListItem","position":1,"name":"Home","item":"https:\/\/couvreuremilelelievre.ca\/en\/accueil\/"},{"@type":"ListItem","position":2,"name":"About"}]},{"@type":"WebSite","@id":"https:\/\/couvreuremilelelievre.ca\/#website","url":"https:\/\/couvreuremilelelievre.ca\/","name":"couvreuremilelelievre","description":"Emile Leli\u00e8vre - Services toitures r\u00e9sidentielles et commerciales","publisher":{"@id":"https:\/\/couvreuremilelelievre.ca\/#organization"},"potentialAction":[{"@type":"SearchAction","target":{"@type":"EntryPoint","urlTemplate":"https:\/\/couvreuremilelelievre.ca\/?s={search_term_string}"},"query-input":{"@type":"PropertyValueSpecification","valueRequired":true,"valueName":"search_term_string"}}],"inLanguage":"en-US"},{"@type":"Organization","@id":"https:\/\/couvreuremilelelievre.ca\/#organization","name":"Emile Leli\u00e8vre Ferblantier Couvreur","url":"https:\/\/couvreuremilelelievre.ca\/","logo":{"@type":"ImageObject","inLanguage":"en-US","@id":"https:\/\/couvreuremilelelievre.ca\/#\/schema\/logo\/image\/","url":"https:\/\/couvreuremilelelievre.ca\/wp-content\/uploads\/2018\/01\/Logo.png","contentUrl":"https:\/\/couvreuremilelelievre.ca\/wp-content\/uploads\/2018\/01\/Logo.png","width":300,"height":300,"caption":"Emile Leli\u00e8vre Ferblantier Couvreur"},"image":{"@id":"https:\/\/couvreuremilelelievre.ca\/#\/schema\/logo\/image\/"},"sameAs":["https:\/\/www.facebook.com\/couvreuremilelelievre\/","https:\/\/www.linkedin.com\/company\/11247181\/"]}]}},"_links":{"self":[{"href":"https:\/\/couvreuremilelelievre.ca\/en\/wp-json\/wp\/v2\/pages\/76111\/"}],"collection":[{"href":"https:\/\/couvreuremilelelievre.ca\/en\/wp-json\/wp\/v2\/pages\/"}],"about":[{"href":"https:\/\/couvreuremilelelievre.ca\/en\/wp-json\/wp\/v2\/types\/page\/"}],"author":[{"embeddable":true,"href":"https:\/\/couvreuremilelelievre.ca\/en\/wp-json\/wp\/v2\/users\/1\/"}],"replies":[{"embeddable":true,"href":"https:\/\/couvreuremilelelievre.ca\/en\/wp-json\/wp\/v2\/comments\/?post=76111"}],"version-history":[{"count":26,"href":"https:\/\/couvreuremilelelievre.ca\/en\/wp-json\/wp\/v2\/pages\/76111\/revisions\/"}],"predecessor-version":[{"id":78270,"href":"https:\/\/couvreuremilelelievre.ca\/en\/wp-json\/wp\/v2\/pages\/76111\/revisions\/78270\/"}],"wp:featuredmedia":[{"embeddable":true,"href":"https:\/\/couvreuremilelelievre.ca\/en\/wp-json\/wp\/v2\/media\/77846\/"}],"wp:attachment":[{"href":"https:\/\/couvreuremilelelievre.ca\/en\/wp-json\/wp\/v2\/media\/?parent=76111"}],"curies":[{"name":"wp","href":"https:\/\/api.w.org\/{rel}","templated":true}]}}