{"id":76126,"date":"2018-04-03T16:12:08","date_gmt":"2018-04-03T16:12:08","guid":{"rendered":"https:\/\/couvreuremilelelievre.ca\/wordpress\/?page_id=76126"},"modified":"2025-07-04T19:09:48","modified_gmt":"2025-07-04T19:09:48","slug":"rooftop-services","status":"publish","type":"page","link":"https:\/\/couvreuremilelelievre.ca\/en\/rooftop-services\/","title":{"rendered":"Rooftop Services"},"content":{"rendered":"<p>[vc_row css=&#8221;.vc_custom_1525222212197{padding-top: 60px !important;}&#8221;][vc_column][vc_custom_heading text=&#8221;Services&#8221; font_container=&#8221;tag:h1|text_align:center|color:%23112c3f&#8221;][vc_empty_space height=&#8221;90px&#8221;][\/vc_column][\/vc_row][vc_row][vc_column width=&#8221;1\/3&#8243;][vc_icon icon_fontawesome=&#8221;fa fa-home&#8221; color=&#8221;white&#8221; background_style=&#8221;boxed&#8221; background_color=&#8221;peacoc&#8221; size=&#8221;lg&#8221; align=&#8221;center&#8221; link=&#8221;url:http%3A%2F%2Fwww.couvreuremilelelievre.ca%2Fen%2Froof-repair%2F|||&#8221;][vc_custom_heading text=&#8221;Roof repair &#8221; font_container=&#8221;tag:h3|text_align:center&#8221; use_theme_fonts=&#8221;yes&#8221; link=&#8221;url:http%3A%2F%2Fwww.couvreuremilelelievre.ca%2Fen%2Froof-repair%2F|||&#8221;][vc_custom_heading text=&#8221;\u00c9mile Leli\u00e8vre Ferblantier Couvreur offers roof construction, covering, renovation, replacement and maintenance services for all roof types, including flat roofs, in the Greater Montreal region.<br \/>\n&#8221; font_container=&#8221;tag:p|text_align:center&#8221; use_theme_fonts=&#8221;yes&#8221;][vc_empty_space height=&#8221;45px&#8221;][\/vc_column][vc_column width=&#8221;1\/3&#8243;][vc_icon type=&#8221;typicons&#8221; icon_typicons=&#8221;typcn typcn-home-outline&#8221; color=&#8221;white&#8221; background_style=&#8221;boxed&#8221; background_color=&#8221;peacoc&#8221; size=&#8221;lg&#8221; align=&#8221;center&#8221; link=&#8221;url:http%3A%2F%2Fwww.couvreuremilelelievre.ca%2Fen%2Froof-replacement%2F|||&#8221;][vc_custom_heading text=&#8221;Roof replacement&#8221; font_container=&#8221;tag:h3|text_align:center&#8221; use_theme_fonts=&#8221;yes&#8221; link=&#8221;url:http%3A%2F%2Fwww.couvreuremilelelievre.ca%2Fen%2Froof-replacement%2F|||&#8221;][vc_custom_heading text=&#8221;We renovate and replace various types of roof in the Greater Montreal region. \u00c9mile Leli\u00e8vre Ferblantier Couvreur delivers the best quality, regardless of the nature of the work.<br \/>\n&#8221; font_container=&#8221;tag:p|text_align:center&#8221; use_theme_fonts=&#8221;yes&#8221;][vc_empty_space height=&#8221;45px&#8221;][\/vc_column][vc_column width=&#8221;1\/3&#8243;][vc_icon icon_fontawesome=&#8221;fa fa-tint&#8221; color=&#8221;white&#8221; background_style=&#8221;boxed&#8221; background_color=&#8221;peacoc&#8221; size=&#8221;lg&#8221; align=&#8221;center&#8221; link=&#8221;url:http%3A%2F%2Fwww.couvreuremilelelievre.ca%2Fen%2Fleak-repair%2F|||&#8221;][vc_custom_heading text=&#8221;Leak repair&#8221; font_container=&#8221;tag:h3|text_align:center&#8221; use_theme_fonts=&#8221;yes&#8221; link=&#8221;url:http%3A%2F%2Fwww.couvreuremilelelievre.ca%2Fen%2Fleak-repair%2F|||&#8221;][vc_custom_heading text=&#8221;\u00c9mile Leli\u00e8vre Ferblantier Couvreur is one of the leading roof repair companies in Montr\u00e9al. We also offer flat-roof insulation services.&#8221; font_container=&#8221;tag:p|text_align:center&#8221; use_theme_fonts=&#8221;yes&#8221;][vc_empty_space height=&#8221;45px&#8221;][\/vc_column][\/vc_row][vc_row][vc_column width=&#8221;1\/3&#8243;][vc_icon icon_fontawesome=&#8221;fa fa-clock-o&#8221; color=&#8221;white&#8221; background_style=&#8221;boxed&#8221; background_color=&#8221;peacoc&#8221; size=&#8221;lg&#8221; align=&#8221;center&#8221; link=&#8221;url:http%3A%2F%2Fwww.couvreuremilelelievre.ca%2Fen%2Fmaintenance%2F|||&#8221;][vc_custom_heading text=&#8221;Maintenance&#8221; font_container=&#8221;tag:h3|text_align:center&#8221; use_theme_fonts=&#8221;yes&#8221; link=&#8221;url:http%3A%2F%2Fwww.couvreuremilelelievre.ca%2Fen%2Fmaintenance%2F|||&#8221;][vc_custom_heading text=&#8221;We offer maintenance service.<\/p>\n<p>&#8221; font_container=&#8221;tag:p|text_align:center&#8221; use_theme_fonts=&#8221;yes&#8221;][vc_empty_space height=&#8221;45px&#8221;][\/vc_column][vc_column width=&#8221;1\/3&#8243;][vc_icon icon_fontawesome=&#8221;fa fa-snowflake-o&#8221; color=&#8221;white&#8221; background_style=&#8221;boxed&#8221; background_color=&#8221;peacoc&#8221; size=&#8221;lg&#8221; align=&#8221;center&#8221; link=&#8221;url:http%3A%2F%2Fwww.couvreuremilelelievre.ca%2Fen%2Frooftop-snow-and-ice-removal%2F|||&#8221;][vc_custom_heading text=&#8221;Rooftop snow and ice removal&#8221; font_container=&#8221;tag:h3|text_align:center&#8221; use_theme_fonts=&#8221;yes&#8221; link=&#8221;url:http%3A%2F%2Fwww.couvreuremilelelievre.ca%2Fen%2Frooftop-snow-and-ice-removal%2F|||&#8221;][vc_custom_heading text=&#8221;We perform snow and ice removal for any type of roof in the Greater Montr\u00e9al region.<br \/>\n&#8221; font_container=&#8221;tag:p|text_align:center&#8221; use_theme_fonts=&#8221;yes&#8221;][vc_empty_space height=&#8221;45px&#8221;][\/vc_column][vc_column width=&#8221;1\/3&#8243;][vc_icon icon_fontawesome=&#8221;fa fa-lightbulb-o&#8221; color=&#8221;white&#8221; background_style=&#8221;boxed&#8221; background_color=&#8221;peacoc&#8221; size=&#8221;lg&#8221; align=&#8221;center&#8221; link=&#8221;url:http%3A%2F%2Fwww.couvreuremilelelievre.ca%2Fen%2Fskylight-and-roof-vent-installation%2F|||&#8221;][vc_custom_heading text=&#8221;Skylight and roof vent installation<br \/>\n&#8221; font_container=&#8221;tag:h3|text_align:center&#8221; use_theme_fonts=&#8221;yes&#8221; link=&#8221;url:http%3A%2F%2Fwww.couvreuremilelelievre.ca%2Fen%2Fskylight-and-roof-vent-installation%2F|||&#8221;][vc_custom_heading text=&#8221;We also offer woodworking plus ventilation and skylight installation services for residential as well as commercial roofs.<br \/>\n&#8221; font_container=&#8221;tag:p|text_align:center&#8221; use_theme_fonts=&#8221;yes&#8221;][vc_empty_space height=&#8221;45px&#8221;][\/vc_column][\/vc_row][vc_row css=&#8221;.vc_custom_1516650996285{padding-top: 20px !important;padding-bottom: 20px !important;background-color: #00274e !important;}&#8221;][vc_column width=&#8221;2\/3&#8243;][vc_custom_heading text=&#8221;Need work done? Choose an experienced roofer<br \/>\n&#8221; font_container=&#8221;tag:h3|font_size:22px|text_align:center|color:%23ffffff|line_height:50px&#8221; use_theme_fonts=&#8221;yes&#8221;][\/vc_column][vc_column width=&#8221;1\/3&#8243;][vc_btn title=&#8221;Ask for a quote&#8221; shape=&#8221;round&#8221; color=&#8221;peacoc&#8221; i_icon_fontawesome=&#8221;fa fa-sign-out&#8221; add_icon=&#8221;true&#8221; link=&#8221;url:https%3A%2F%2Fcouvreuremilelelievre.ca%2Fen%2Fcontact%2F|||&#8221;][\/vc_column][\/vc_row][vc_row][vc_column][vc_empty_space][\/vc_column][\/vc_row][vc_row][vc_column width=&#8221;1\/6&#8243;][vc_empty_space height=&#8221;35px&#8221;][vc_single_image image=&#8221;76642&#8243; img_size=&#8221;full&#8221; alignment=&#8221;center&#8221;][\/vc_column][vc_column width=&#8221;1\/6&#8243;][vc_single_image image=&#8221;76625&#8243; img_size=&#8221;full&#8221;][\/vc_column][vc_column width=&#8221;1\/6&#8243;][vc_single_image image=&#8221;76627&#8243; img_size=&#8221;full&#8221;][\/vc_column][vc_column width=&#8221;1\/6&#8243;][vc_single_image image=&#8221;76626&#8243; img_size=&#8221;full&#8221;][\/vc_column][vc_column width=&#8221;1\/6&#8243;][vc_single_image image=&#8221;76628&#8243; img_size=&#8221;full&#8221;][\/vc_column][vc_column width=&#8221;1\/6&#8243;][vc_single_image image=&#8221;76629&#8243; img_size=&#8221;full&#8221;][\/vc_column][\/vc_row]<\/p>\n","protected":false},"excerpt":{"rendered":"<p>[vc_row css=&#8221;.vc_custom_1525222212197{padding-top: 60px !important;}&#8221;][vc_column][vc_custom_heading text=&#8221;Services&#8221; font_container=&#8221;tag:h1|text_align:center|color:%23112c3f&#8221;][vc_empty_space height=&#8221;90px&#8221;][\/vc_column][\/vc_row][vc_row][vc_column width=&#8221;1\/3&#8243;][vc_icon icon_fontawesome=&#8221;fa fa-home&#8221; color=&#8221;white&#8221; background_style=&#8221;boxed&#8221; background_color=&#8221;peacoc&#8221; size=&#8221;lg&#8221; align=&#8221;center&#8221; link=&#8221;url:http%3A%2F%2Fwww.couvreuremilelelievre.ca%2Fen%2Froof-repair%2F|||&#8221;][vc_custom_heading text=&#8221;Roof repair &#8221; font_container=&#8221;tag:h3|text_align:center&#8221; use_theme_fonts=&#8221;yes&#8221; link=&#8221;url:http%3A%2F%2Fwww.couvreuremilelelievre.ca%2Fen%2Froof-repair%2F|||&#8221;][vc_custom_heading text=&#8221;\u00c9mile Leli\u00e8vre Ferblantier Couvreur offers roof construction, covering, renovation, replacement and maintenance services for all roof types, including flat roofs, in the Greater Montreal region. &#8221; font_container=&#8221;tag:p|text_align:center&#8221; use_theme_fonts=&#8221;yes&#8221;][vc_empty_space height=&#8221;45px&#8221;][\/vc_column][vc_column width=&#8221;1\/3&#8243;][vc_icon type=&#8221;typicons&#8221; icon_typicons=&#8221;typcn typcn-home-outline&#8221; [&hellip;]<\/p>\n","protected":false},"author":1,"featured_media":0,"parent":0,"menu_order":0,"comment_status":"closed","ping_status":"closed","template":"","meta":{"_mi_skip_tracking":false,"footnotes":""},"class_list":["post-76126","page","type-page","status-publish","hentry"],"yoast_head":"<!-- This site is optimized with the Yoast SEO plugin v27.4 - https:\/\/yoast.com\/product\/yoast-seo-wordpress\/ -->\n<title>Rooftop Services | Roof specialist Montreal<\/title>\n<meta name=\"description\" content=\"\u00c9mile Leli\u00e8vre Ferblantier Couvreur offers roof construction, covering, renovation, replacement and maintenance services for all roof types, including flat roofs, in the Greater Montreal region\" \/>\n<meta name=\"robots\" content=\"index, follow, max-snippet:-1, max-image-preview:large, max-video-preview:-1\" \/>\n<link rel=\"canonical\" href=\"https:\/\/couvreuremilelelievre.ca\/en\/rooftop-services\/\" \/>\n<meta property=\"og:locale\" content=\"en_US\" \/>\n<meta property=\"og:type\" content=\"article\" \/>\n<meta property=\"og:title\" content=\"Rooftop Services | Roof specialist Montreal\" \/>\n<meta property=\"og:description\" content=\"\u00c9mile Leli\u00e8vre Ferblantier Couvreur offers roof construction, covering, renovation, replacement and maintenance services for all roof types, including flat roofs, in the Greater Montreal region\" \/>\n<meta property=\"og:url\" content=\"https:\/\/couvreuremilelelievre.ca\/en\/rooftop-services\/\" \/>\n<meta property=\"og:site_name\" content=\"couvreuremilelelievre\" \/>\n<meta property=\"article:publisher\" content=\"https:\/\/www.facebook.com\/couvreuremilelelievre\/\" \/>\n<meta property=\"article:modified_time\" content=\"2025-07-04T19:09:48+00:00\" \/>\n<meta property=\"og:image\" content=\"https:\/\/couvreuremilelelievre.ca\/wp-content\/uploads\/2018\/02\/Logo-ELFC_2017.png\" \/>\n\t<meta property=\"og:image:width\" content=\"1001\" \/>\n\t<meta property=\"og:image:height\" content=\"292\" \/>\n\t<meta property=\"og:image:type\" content=\"image\/png\" \/>\n<meta name=\"twitter:card\" content=\"summary_large_image\" \/>\n<meta name=\"twitter:label1\" content=\"Est. reading time\" \/>\n\t<meta name=\"twitter:data1\" content=\"4 minutes\" \/>\n<script type=\"application\/ld+json\" class=\"yoast-schema-graph\">{\"@context\":\"https:\\\/\\\/schema.org\",\"@graph\":[{\"@type\":\"WebPage\",\"@id\":\"https:\\\/\\\/couvreuremilelelievre.ca\\\/en\\\/rooftop-services\\\/\",\"url\":\"https:\\\/\\\/couvreuremilelelievre.ca\\\/en\\\/rooftop-services\\\/\",\"name\":\"Rooftop Services | Roof specialist Montreal\",\"isPartOf\":{\"@id\":\"https:\\\/\\\/couvreuremilelelievre.ca\\\/#website\"},\"datePublished\":\"2018-04-03T16:12:08+00:00\",\"dateModified\":\"2025-07-04T19:09:48+00:00\",\"description\":\"\u00c9mile Leli\u00e8vre Ferblantier Couvreur offers roof construction, covering, renovation, replacement and maintenance services for all roof types, including flat roofs, in the Greater Montreal region\",\"breadcrumb\":{\"@id\":\"https:\\\/\\\/couvreuremilelelievre.ca\\\/en\\\/rooftop-services\\\/#breadcrumb\"},\"inLanguage\":\"en-US\",\"potentialAction\":[{\"@type\":\"ReadAction\",\"target\":[\"https:\\\/\\\/couvreuremilelelievre.ca\\\/en\\\/rooftop-services\\\/\"]}]},{\"@type\":\"BreadcrumbList\",\"@id\":\"https:\\\/\\\/couvreuremilelelievre.ca\\\/en\\\/rooftop-services\\\/#breadcrumb\",\"itemListElement\":[{\"@type\":\"ListItem\",\"position\":1,\"name\":\"Home\",\"item\":\"https:\\\/\\\/couvreuremilelelievre.ca\\\/en\\\/accueil\\\/\"},{\"@type\":\"ListItem\",\"position\":2,\"name\":\"Rooftop Services\"}]},{\"@type\":\"WebSite\",\"@id\":\"https:\\\/\\\/couvreuremilelelievre.ca\\\/#website\",\"url\":\"https:\\\/\\\/couvreuremilelelievre.ca\\\/\",\"name\":\"couvreuremilelelievre\",\"description\":\"Emile Leli\u00e8vre - Services toitures r\u00e9sidentielles et commerciales\",\"publisher\":{\"@id\":\"https:\\\/\\\/couvreuremilelelievre.ca\\\/#organization\"},\"potentialAction\":[{\"@type\":\"SearchAction\",\"target\":{\"@type\":\"EntryPoint\",\"urlTemplate\":\"https:\\\/\\\/couvreuremilelelievre.ca\\\/?s={search_term_string}\"},\"query-input\":{\"@type\":\"PropertyValueSpecification\",\"valueRequired\":true,\"valueName\":\"search_term_string\"}}],\"inLanguage\":\"en-US\"},{\"@type\":\"Organization\",\"@id\":\"https:\\\/\\\/couvreuremilelelievre.ca\\\/#organization\",\"name\":\"Emile Leli\u00e8vre Ferblantier Couvreur\",\"url\":\"https:\\\/\\\/couvreuremilelelievre.ca\\\/\",\"logo\":{\"@type\":\"ImageObject\",\"inLanguage\":\"en-US\",\"@id\":\"https:\\\/\\\/couvreuremilelelievre.ca\\\/#\\\/schema\\\/logo\\\/image\\\/\",\"url\":\"https:\\\/\\\/couvreuremilelelievre.ca\\\/wp-content\\\/uploads\\\/2018\\\/01\\\/Logo.png\",\"contentUrl\":\"https:\\\/\\\/couvreuremilelelievre.ca\\\/wp-content\\\/uploads\\\/2018\\\/01\\\/Logo.png\",\"width\":300,\"height\":300,\"caption\":\"Emile Leli\u00e8vre Ferblantier Couvreur\"},\"image\":{\"@id\":\"https:\\\/\\\/couvreuremilelelievre.ca\\\/#\\\/schema\\\/logo\\\/image\\\/\"},\"sameAs\":[\"https:\\\/\\\/www.facebook.com\\\/couvreuremilelelievre\\\/\",\"https:\\\/\\\/www.linkedin.com\\\/company\\\/11247181\\\/\"]}]}<\/script>\n<!-- \/ Yoast SEO plugin. -->","yoast_head_json":{"title":"Rooftop Services | Roof specialist Montreal","description":"\u00c9mile Leli\u00e8vre Ferblantier Couvreur offers roof construction, covering, renovation, replacement and maintenance services for all roof types, including flat roofs, in the Greater Montreal region","robots":{"index":"index","follow":"follow","max-snippet":"max-snippet:-1","max-image-preview":"max-image-preview:large","max-video-preview":"max-video-preview:-1"},"canonical":"https:\/\/couvreuremilelelievre.ca\/en\/rooftop-services\/","og_locale":"en_US","og_type":"article","og_title":"Rooftop Services | Roof specialist Montreal","og_description":"\u00c9mile Leli\u00e8vre Ferblantier Couvreur offers roof construction, covering, renovation, replacement and maintenance services for all roof types, including flat roofs, in the Greater Montreal region","og_url":"https:\/\/couvreuremilelelievre.ca\/en\/rooftop-services\/","og_site_name":"couvreuremilelelievre","article_publisher":"https:\/\/www.facebook.com\/couvreuremilelelievre\/","article_modified_time":"2025-07-04T19:09:48+00:00","og_image":[{"width":1001,"height":292,"url":"https:\/\/couvreuremilelelievre.ca\/wp-content\/uploads\/2018\/02\/Logo-ELFC_2017.png","type":"image\/png"}],"twitter_card":"summary_large_image","twitter_misc":{"Est. reading time":"4 minutes"},"schema":{"@context":"https:\/\/schema.org","@graph":[{"@type":"WebPage","@id":"https:\/\/couvreuremilelelievre.ca\/en\/rooftop-services\/","url":"https:\/\/couvreuremilelelievre.ca\/en\/rooftop-services\/","name":"Rooftop Services | Roof specialist Montreal","isPartOf":{"@id":"https:\/\/couvreuremilelelievre.ca\/#website"},"datePublished":"2018-04-03T16:12:08+00:00","dateModified":"2025-07-04T19:09:48+00:00","description":"\u00c9mile Leli\u00e8vre Ferblantier Couvreur offers roof construction, covering, renovation, replacement and maintenance services for all roof types, including flat roofs, in the Greater Montreal region","breadcrumb":{"@id":"https:\/\/couvreuremilelelievre.ca\/en\/rooftop-services\/#breadcrumb"},"inLanguage":"en-US","potentialAction":[{"@type":"ReadAction","target":["https:\/\/couvreuremilelelievre.ca\/en\/rooftop-services\/"]}]},{"@type":"BreadcrumbList","@id":"https:\/\/couvreuremilelelievre.ca\/en\/rooftop-services\/#breadcrumb","itemListElement":[{"@type":"ListItem","position":1,"name":"Home","item":"https:\/\/couvreuremilelelievre.ca\/en\/accueil\/"},{"@type":"ListItem","position":2,"name":"Rooftop Services"}]},{"@type":"WebSite","@id":"https:\/\/couvreuremilelelievre.ca\/#website","url":"https:\/\/couvreuremilelelievre.ca\/","name":"couvreuremilelelievre","description":"Emile Leli\u00e8vre - Services toitures r\u00e9sidentielles et commerciales","publisher":{"@id":"https:\/\/couvreuremilelelievre.ca\/#organization"},"potentialAction":[{"@type":"SearchAction","target":{"@type":"EntryPoint","urlTemplate":"https:\/\/couvreuremilelelievre.ca\/?s={search_term_string}"},"query-input":{"@type":"PropertyValueSpecification","valueRequired":true,"valueName":"search_term_string"}}],"inLanguage":"en-US"},{"@type":"Organization","@id":"https:\/\/couvreuremilelelievre.ca\/#organization","name":"Emile Leli\u00e8vre Ferblantier Couvreur","url":"https:\/\/couvreuremilelelievre.ca\/","logo":{"@type":"ImageObject","inLanguage":"en-US","@id":"https:\/\/couvreuremilelelievre.ca\/#\/schema\/logo\/image\/","url":"https:\/\/couvreuremilelelievre.ca\/wp-content\/uploads\/2018\/01\/Logo.png","contentUrl":"https:\/\/couvreuremilelelievre.ca\/wp-content\/uploads\/2018\/01\/Logo.png","width":300,"height":300,"caption":"Emile Leli\u00e8vre Ferblantier Couvreur"},"image":{"@id":"https:\/\/couvreuremilelelievre.ca\/#\/schema\/logo\/image\/"},"sameAs":["https:\/\/www.facebook.com\/couvreuremilelelievre\/","https:\/\/www.linkedin.com\/company\/11247181\/"]}]}},"_links":{"self":[{"href":"https:\/\/couvreuremilelelievre.ca\/en\/wp-json\/wp\/v2\/pages\/76126\/"}],"collection":[{"href":"https:\/\/couvreuremilelelievre.ca\/en\/wp-json\/wp\/v2\/pages\/"}],"about":[{"href":"https:\/\/couvreuremilelelievre.ca\/en\/wp-json\/wp\/v2\/types\/page\/"}],"author":[{"embeddable":true,"href":"https:\/\/couvreuremilelelievre.ca\/en\/wp-json\/wp\/v2\/users\/1\/"}],"replies":[{"embeddable":true,"href":"https:\/\/couvreuremilelelievre.ca\/en\/wp-json\/wp\/v2\/comments\/?post=76126"}],"version-history":[{"count":20,"href":"https:\/\/couvreuremilelelievre.ca\/en\/wp-json\/wp\/v2\/pages\/76126\/revisions\/"}],"predecessor-version":[{"id":78271,"href":"https:\/\/couvreuremilelelievre.ca\/en\/wp-json\/wp\/v2\/pages\/76126\/revisions\/78271\/"}],"wp:attachment":[{"href":"https:\/\/couvreuremilelelievre.ca\/en\/wp-json\/wp\/v2\/media\/?parent=76126"}],"curies":[{"name":"wp","href":"https:\/\/api.w.org\/{rel}","templated":true}]}}