{"id":76137,"date":"2018-04-03T16:55:18","date_gmt":"2018-04-03T16:55:18","guid":{"rendered":"https:\/\/couvreuremilelelievre.ca\/wordpress\/?page_id=76137"},"modified":"2025-07-04T19:16:45","modified_gmt":"2025-07-04T19:16:45","slug":"leak-repair","status":"publish","type":"page","link":"https:\/\/couvreuremilelelievre.ca\/en\/leak-repair\/","title":{"rendered":"Roof Leak repair in Greater Montreal"},"content":{"rendered":"<p>[vc_row css=&#8221;.vc_custom_1525222307531{padding-top: 60px !important;}&#8221;][vc_column][vc_custom_heading text=&#8221;Roof Leak repair in Greater Montreal &#8221; font_container=&#8221;tag:h1|text_align:center|color:%23112c3f&#8221;][vc_empty_space height=&#8221;90px&#8221;][vc_single_image image=&#8221;76649&#8243; img_size=&#8221;full&#8221; alignment=&#8221;center&#8221;][vc_empty_space height=&#8221;90px&#8221;][\/vc_column][\/vc_row][vc_row][vc_column][vc_custom_heading text=&#8221;Choose an experienced roofer&#8221; font_container=&#8221;tag:h2|font_size:23px|text_align:left|color:%2309a6d5&#8243;][vc_column_text]<strong>Have you noticed heat loss or traces of humidity in your home, garage or commercial\/industrial space? \u00c9mile Leli\u00e8vre Ferblantier Couvreur is there to solve your leaky-roof problems in the Greater Montr\u00e9al region.<\/strong><\/p>\n<p><strong>The team at \u00c9mile Leli\u00e8vre Ferblantier Couvreur, made up of experience roofing professionals, will provide a free estimate of the cost of your roofing job, starting by detecting the source of the problem or the origin of the leak.<\/strong><\/p>\n<p><strong>\u00c9mile Leli\u00e8vre Ferblantier Couvreur also offers a range of insulation services, regardless of your type of roof:<\/strong><br \/>\n<strong>\u2981 Roof insulation<\/strong><br \/>\n<strong>\u2981 Attic insulation<\/strong><br \/>\n<strong>\u2981 Ceiling-void insulation<\/strong><br \/>\n<strong>\u2981 Roof dormer insulation<\/strong><\/p>\n<p><strong>In addition to unmatched expertise, our company has all the required equipment and materials for leak repair. Among other solutions, we use blown cellulose fibre for attic insulation.<\/strong><br \/>\n<strong>To eliminate leaks and improve insulation of your roof, whatever its characteristics, \u00c9mile Leli\u00e8vre Ferblantier Couvreur is YOUR reference in the Greater Montr\u00e9al region.<\/strong>[\/vc_column_text][vc_empty_space][vc_single_image image=&#8221;76650&#8243; img_size=&#8221;full&#8221; alignment=&#8221;center&#8221;][vc_empty_space height=&#8221;40px&#8221;][\/vc_column][\/vc_row][vc_row css=&#8221;.vc_custom_1517256378909{padding-top: 20px !important;padding-bottom: 20px !important;background-color: #00274e !important;}&#8221;][vc_column width=&#8221;2\/3&#8243;][vc_custom_heading text=&#8221;Need work done? Choose an experienced roofer&#8221; font_container=&#8221;tag:h3|font_size:22px|text_align:center|color:%23ffffff|line_height:50px&#8221; use_theme_fonts=&#8221;yes&#8221;][\/vc_column][vc_column width=&#8221;1\/3&#8243;][vc_btn title=&#8221;Ask for a quote&#8221; shape=&#8221;round&#8221; color=&#8221;peacoc&#8221; i_icon_fontawesome=&#8221;fa fa-sign-out&#8221; add_icon=&#8221;true&#8221; link=&#8221;url:https%3A%2F%2Fcouvreuremilelelievre.ca%2Fen%2Fcontact%2F|||&#8221;][\/vc_column][\/vc_row][vc_row][vc_column][vc_empty_space][\/vc_column][\/vc_row][vc_row][vc_column width=&#8221;1\/6&#8243;][vc_empty_space height=&#8221;35px&#8221;][vc_single_image image=&#8221;76642&#8243; img_size=&#8221;full&#8221; alignment=&#8221;center&#8221;][\/vc_column][vc_column width=&#8221;1\/6&#8243;][vc_single_image image=&#8221;76625&#8243; img_size=&#8221;full&#8221;][\/vc_column][vc_column width=&#8221;1\/6&#8243;][vc_single_image image=&#8221;76627&#8243; img_size=&#8221;full&#8221;][\/vc_column][vc_column width=&#8221;1\/6&#8243;][vc_single_image image=&#8221;76626&#8243; img_size=&#8221;full&#8221;][\/vc_column][vc_column width=&#8221;1\/6&#8243;][vc_single_image image=&#8221;76628&#8243; img_size=&#8221;full&#8221;][\/vc_column][vc_column width=&#8221;1\/6&#8243;][vc_single_image image=&#8221;76629&#8243; img_size=&#8221;full&#8221;][\/vc_column][\/vc_row]<\/p>\n","protected":false},"excerpt":{"rendered":"<p>[vc_row css=&#8221;.vc_custom_1525222307531{padding-top: 60px !important;}&#8221;][vc_column][vc_custom_heading text=&#8221;Roof Leak repair in Greater Montreal &#8221; font_container=&#8221;tag:h1|text_align:center|color:%23112c3f&#8221;][vc_empty_space height=&#8221;90px&#8221;][vc_single_image image=&#8221;76649&#8243; img_size=&#8221;full&#8221; alignment=&#8221;center&#8221;][vc_empty_space height=&#8221;90px&#8221;][\/vc_column][\/vc_row][vc_row][vc_column][vc_custom_heading text=&#8221;Choose an experienced roofer&#8221; font_container=&#8221;tag:h2|font_size:23px|text_align:left|color:%2309a6d5&#8243;][vc_column_text]Have you noticed heat loss or traces of humidity in your home, garage or commercial\/industrial space? \u00c9mile Leli\u00e8vre Ferblantier Couvreur is there to solve your leaky-roof problems in the Greater Montr\u00e9al region. The team [&hellip;]<\/p>\n","protected":false},"author":1,"featured_media":0,"parent":0,"menu_order":0,"comment_status":"closed","ping_status":"closed","template":"","meta":{"_mi_skip_tracking":false,"footnotes":""},"class_list":["post-76137","page","type-page","status-publish","hentry"],"yoast_head":"<!-- This site is optimized with the Yoast SEO plugin v27.4 - https:\/\/yoast.com\/product\/yoast-seo-wordpress\/ -->\n<title>Roof leak repair | Roofer in Montreal<\/title>\n<meta name=\"description\" content=\"Choose an experienced roofer Have you noticed heat loss or traces of humidity in your home, garage or commercial\/industrial space? \u00c9mile Leli\u00e8vre Ferblantier Couvreur is there to solve your leaky-roof problems in the Greater Montr\u00e9al region. The team at \u00c9mile Leli\u00e8vre Ferblantier Couvreur, made up of experience roofing\" \/>\n<meta name=\"robots\" content=\"index, follow, max-snippet:-1, max-image-preview:large, max-video-preview:-1\" \/>\n<link rel=\"canonical\" href=\"https:\/\/couvreuremilelelievre.ca\/en\/leak-repair\/\" \/>\n<meta property=\"og:locale\" content=\"en_US\" \/>\n<meta property=\"og:type\" content=\"article\" \/>\n<meta property=\"og:title\" content=\"Roof leak repair | Roofer in Montreal\" \/>\n<meta property=\"og:description\" content=\"Choose an experienced roofer Have you noticed heat loss or traces of humidity in your home, garage or commercial\/industrial space? \u00c9mile Leli\u00e8vre Ferblantier Couvreur is there to solve your leaky-roof problems in the Greater Montr\u00e9al region. The team at \u00c9mile Leli\u00e8vre Ferblantier Couvreur, made up of experience roofing\" \/>\n<meta property=\"og:url\" content=\"https:\/\/couvreuremilelelievre.ca\/en\/leak-repair\/\" \/>\n<meta property=\"og:site_name\" content=\"couvreuremilelelievre\" \/>\n<meta property=\"article:publisher\" content=\"https:\/\/www.facebook.com\/couvreuremilelelievre\/\" \/>\n<meta property=\"article:modified_time\" content=\"2025-07-04T19:16:45+00:00\" \/>\n<meta property=\"og:image\" content=\"https:\/\/couvreuremilelelievre.ca\/wp-content\/uploads\/2018\/02\/Logo-ELFC_2017.png\" \/>\n\t<meta property=\"og:image:width\" content=\"1001\" \/>\n\t<meta property=\"og:image:height\" content=\"292\" \/>\n\t<meta property=\"og:image:type\" content=\"image\/png\" \/>\n<meta name=\"twitter:card\" content=\"summary_large_image\" \/>\n<meta name=\"twitter:label1\" content=\"Est. reading time\" \/>\n\t<meta name=\"twitter:data1\" content=\"2 minutes\" \/>\n<script type=\"application\/ld+json\" class=\"yoast-schema-graph\">{\"@context\":\"https:\\\/\\\/schema.org\",\"@graph\":[{\"@type\":\"WebPage\",\"@id\":\"https:\\\/\\\/couvreuremilelelievre.ca\\\/en\\\/leak-repair\\\/\",\"url\":\"https:\\\/\\\/couvreuremilelelievre.ca\\\/en\\\/leak-repair\\\/\",\"name\":\"Roof leak repair | Roofer in Montreal\",\"isPartOf\":{\"@id\":\"https:\\\/\\\/couvreuremilelelievre.ca\\\/#website\"},\"datePublished\":\"2018-04-03T16:55:18+00:00\",\"dateModified\":\"2025-07-04T19:16:45+00:00\",\"description\":\"Choose an experienced roofer Have you noticed heat loss or traces of humidity in your home, garage or commercial\\\/industrial space? \u00c9mile Leli\u00e8vre Ferblantier Couvreur is there to solve your leaky-roof problems in the Greater Montr\u00e9al region. The team at \u00c9mile Leli\u00e8vre Ferblantier Couvreur, made up of experience roofing\",\"breadcrumb\":{\"@id\":\"https:\\\/\\\/couvreuremilelelievre.ca\\\/en\\\/leak-repair\\\/#breadcrumb\"},\"inLanguage\":\"en-US\",\"potentialAction\":[{\"@type\":\"ReadAction\",\"target\":[\"https:\\\/\\\/couvreuremilelelievre.ca\\\/en\\\/leak-repair\\\/\"]}]},{\"@type\":\"BreadcrumbList\",\"@id\":\"https:\\\/\\\/couvreuremilelelievre.ca\\\/en\\\/leak-repair\\\/#breadcrumb\",\"itemListElement\":[{\"@type\":\"ListItem\",\"position\":1,\"name\":\"Home\",\"item\":\"https:\\\/\\\/couvreuremilelelievre.ca\\\/en\\\/accueil\\\/\"},{\"@type\":\"ListItem\",\"position\":2,\"name\":\"Roof Leak repair in Greater Montreal\"}]},{\"@type\":\"WebSite\",\"@id\":\"https:\\\/\\\/couvreuremilelelievre.ca\\\/#website\",\"url\":\"https:\\\/\\\/couvreuremilelelievre.ca\\\/\",\"name\":\"couvreuremilelelievre\",\"description\":\"Emile Leli\u00e8vre - Services toitures r\u00e9sidentielles et commerciales\",\"publisher\":{\"@id\":\"https:\\\/\\\/couvreuremilelelievre.ca\\\/#organization\"},\"potentialAction\":[{\"@type\":\"SearchAction\",\"target\":{\"@type\":\"EntryPoint\",\"urlTemplate\":\"https:\\\/\\\/couvreuremilelelievre.ca\\\/?s={search_term_string}\"},\"query-input\":{\"@type\":\"PropertyValueSpecification\",\"valueRequired\":true,\"valueName\":\"search_term_string\"}}],\"inLanguage\":\"en-US\"},{\"@type\":\"Organization\",\"@id\":\"https:\\\/\\\/couvreuremilelelievre.ca\\\/#organization\",\"name\":\"Emile Leli\u00e8vre Ferblantier Couvreur\",\"url\":\"https:\\\/\\\/couvreuremilelelievre.ca\\\/\",\"logo\":{\"@type\":\"ImageObject\",\"inLanguage\":\"en-US\",\"@id\":\"https:\\\/\\\/couvreuremilelelievre.ca\\\/#\\\/schema\\\/logo\\\/image\\\/\",\"url\":\"https:\\\/\\\/couvreuremilelelievre.ca\\\/wp-content\\\/uploads\\\/2018\\\/01\\\/Logo.png\",\"contentUrl\":\"https:\\\/\\\/couvreuremilelelievre.ca\\\/wp-content\\\/uploads\\\/2018\\\/01\\\/Logo.png\",\"width\":300,\"height\":300,\"caption\":\"Emile Leli\u00e8vre Ferblantier Couvreur\"},\"image\":{\"@id\":\"https:\\\/\\\/couvreuremilelelievre.ca\\\/#\\\/schema\\\/logo\\\/image\\\/\"},\"sameAs\":[\"https:\\\/\\\/www.facebook.com\\\/couvreuremilelelievre\\\/\",\"https:\\\/\\\/www.linkedin.com\\\/company\\\/11247181\\\/\"]}]}<\/script>\n<!-- \/ Yoast SEO plugin. -->","yoast_head_json":{"title":"Roof leak repair | Roofer in Montreal","description":"Choose an experienced roofer Have you noticed heat loss or traces of humidity in your home, garage or commercial\/industrial space? \u00c9mile Leli\u00e8vre Ferblantier Couvreur is there to solve your leaky-roof problems in the Greater Montr\u00e9al region. The team at \u00c9mile Leli\u00e8vre Ferblantier Couvreur, made up of experience roofing","robots":{"index":"index","follow":"follow","max-snippet":"max-snippet:-1","max-image-preview":"max-image-preview:large","max-video-preview":"max-video-preview:-1"},"canonical":"https:\/\/couvreuremilelelievre.ca\/en\/leak-repair\/","og_locale":"en_US","og_type":"article","og_title":"Roof leak repair | Roofer in Montreal","og_description":"Choose an experienced roofer Have you noticed heat loss or traces of humidity in your home, garage or commercial\/industrial space? \u00c9mile Leli\u00e8vre Ferblantier Couvreur is there to solve your leaky-roof problems in the Greater Montr\u00e9al region. The team at \u00c9mile Leli\u00e8vre Ferblantier Couvreur, made up of experience roofing","og_url":"https:\/\/couvreuremilelelievre.ca\/en\/leak-repair\/","og_site_name":"couvreuremilelelievre","article_publisher":"https:\/\/www.facebook.com\/couvreuremilelelievre\/","article_modified_time":"2025-07-04T19:16:45+00:00","og_image":[{"width":1001,"height":292,"url":"https:\/\/couvreuremilelelievre.ca\/wp-content\/uploads\/2018\/02\/Logo-ELFC_2017.png","type":"image\/png"}],"twitter_card":"summary_large_image","twitter_misc":{"Est. reading time":"2 minutes"},"schema":{"@context":"https:\/\/schema.org","@graph":[{"@type":"WebPage","@id":"https:\/\/couvreuremilelelievre.ca\/en\/leak-repair\/","url":"https:\/\/couvreuremilelelievre.ca\/en\/leak-repair\/","name":"Roof leak repair | Roofer in Montreal","isPartOf":{"@id":"https:\/\/couvreuremilelelievre.ca\/#website"},"datePublished":"2018-04-03T16:55:18+00:00","dateModified":"2025-07-04T19:16:45+00:00","description":"Choose an experienced roofer Have you noticed heat loss or traces of humidity in your home, garage or commercial\/industrial space? \u00c9mile Leli\u00e8vre Ferblantier Couvreur is there to solve your leaky-roof problems in the Greater Montr\u00e9al region. The team at \u00c9mile Leli\u00e8vre Ferblantier Couvreur, made up of experience roofing","breadcrumb":{"@id":"https:\/\/couvreuremilelelievre.ca\/en\/leak-repair\/#breadcrumb"},"inLanguage":"en-US","potentialAction":[{"@type":"ReadAction","target":["https:\/\/couvreuremilelelievre.ca\/en\/leak-repair\/"]}]},{"@type":"BreadcrumbList","@id":"https:\/\/couvreuremilelelievre.ca\/en\/leak-repair\/#breadcrumb","itemListElement":[{"@type":"ListItem","position":1,"name":"Home","item":"https:\/\/couvreuremilelelievre.ca\/en\/accueil\/"},{"@type":"ListItem","position":2,"name":"Roof Leak repair in Greater Montreal"}]},{"@type":"WebSite","@id":"https:\/\/couvreuremilelelievre.ca\/#website","url":"https:\/\/couvreuremilelelievre.ca\/","name":"couvreuremilelelievre","description":"Emile Leli\u00e8vre - Services toitures r\u00e9sidentielles et commerciales","publisher":{"@id":"https:\/\/couvreuremilelelievre.ca\/#organization"},"potentialAction":[{"@type":"SearchAction","target":{"@type":"EntryPoint","urlTemplate":"https:\/\/couvreuremilelelievre.ca\/?s={search_term_string}"},"query-input":{"@type":"PropertyValueSpecification","valueRequired":true,"valueName":"search_term_string"}}],"inLanguage":"en-US"},{"@type":"Organization","@id":"https:\/\/couvreuremilelelievre.ca\/#organization","name":"Emile Leli\u00e8vre Ferblantier Couvreur","url":"https:\/\/couvreuremilelelievre.ca\/","logo":{"@type":"ImageObject","inLanguage":"en-US","@id":"https:\/\/couvreuremilelelievre.ca\/#\/schema\/logo\/image\/","url":"https:\/\/couvreuremilelelievre.ca\/wp-content\/uploads\/2018\/01\/Logo.png","contentUrl":"https:\/\/couvreuremilelelievre.ca\/wp-content\/uploads\/2018\/01\/Logo.png","width":300,"height":300,"caption":"Emile Leli\u00e8vre Ferblantier Couvreur"},"image":{"@id":"https:\/\/couvreuremilelelievre.ca\/#\/schema\/logo\/image\/"},"sameAs":["https:\/\/www.facebook.com\/couvreuremilelelievre\/","https:\/\/www.linkedin.com\/company\/11247181\/"]}]}},"_links":{"self":[{"href":"https:\/\/couvreuremilelelievre.ca\/en\/wp-json\/wp\/v2\/pages\/76137\/"}],"collection":[{"href":"https:\/\/couvreuremilelelievre.ca\/en\/wp-json\/wp\/v2\/pages\/"}],"about":[{"href":"https:\/\/couvreuremilelelievre.ca\/en\/wp-json\/wp\/v2\/types\/page\/"}],"author":[{"embeddable":true,"href":"https:\/\/couvreuremilelelievre.ca\/en\/wp-json\/wp\/v2\/users\/1\/"}],"replies":[{"embeddable":true,"href":"https:\/\/couvreuremilelelievre.ca\/en\/wp-json\/wp\/v2\/comments\/?post=76137"}],"version-history":[{"count":12,"href":"https:\/\/couvreuremilelelievre.ca\/en\/wp-json\/wp\/v2\/pages\/76137\/revisions\/"}],"predecessor-version":[{"id":78274,"href":"https:\/\/couvreuremilelelievre.ca\/en\/wp-json\/wp\/v2\/pages\/76137\/revisions\/78274\/"}],"wp:attachment":[{"href":"https:\/\/couvreuremilelelievre.ca\/en\/wp-json\/wp\/v2\/media\/?parent=76137"}],"curies":[{"name":"wp","href":"https:\/\/api.w.org\/{rel}","templated":true}]}}