{"id":76144,"date":"2018-04-03T17:00:55","date_gmt":"2018-04-03T17:00:55","guid":{"rendered":"https:\/\/couvreuremilelelievre.ca\/wordpress\/?page_id=76144"},"modified":"2025-07-04T19:14:37","modified_gmt":"2025-07-04T19:14:37","slug":"rooftop-snow-and-ice-removal","status":"publish","type":"page","link":"https:\/\/couvreuremilelelievre.ca\/en\/rooftop-snow-and-ice-removal\/","title":{"rendered":"Flat roof snow and ice removal"},"content":{"rendered":"<p>[vc_row css=&#8221;.vc_custom_1525220669145{padding-top: 60px !important;}&#8221;][vc_column][vc_custom_heading text=&#8221;Flat roof snow and ice removal&#8221; font_container=&#8221;tag:h1|text_align:center&#8221;][vc_empty_space height=&#8221;90px&#8221;][\/vc_column][\/vc_row][vc_row][vc_column][vc_single_image image=&#8221;77914&#8243; img_size=&#8221;full&#8221; alignment=&#8221;center&#8221;][vc_empty_space][vc_empty_space][vc_custom_heading text=&#8221;Safety first&#8221; font_container=&#8221;tag:h2|font_size:23px|text_align:left|color:%2309a6d5&#8243;][vc_column_text]<\/p>\n<h2><b><strong>Roofer \u00c9mile Leli\u00e8vre Ferblantier has the best experts in Montr\u00e9al at your disposal<\/strong><\/b><\/h2>\n<p>Snow and ice build-up, whether on a residential, garage, or commercial\/industrial building roof, can not only weaken the structure of your roof and affect its watertightness; it can also be a safety issue. To solve your problem quickly, \u00c9mile Leli\u00e8vre Ferblantier Couvreur offers rooftop snow and ice removal services throughout the Greater Montr\u00e9al region.<\/p>\n<p>Our experienced professionals have the right equipment (safety harnesses, lanyards, energy absorbers, lift platforms, etc.) to remove snow and\/or ice from your roof efficiently and safely. And given that this is a delicate operation requiring a methodical approach, they make sure to minimize the risk of damage to the roof structure, watertight membrane, gutters and drain.<\/p>\n<p>To ensure you get through the winter with peace of mind, \u00c9mile Leli\u00e8vre Ferblantier Couvreur puts Montr\u00e9al\u2019s leading experts at your service to handle your flat rooftop snow and ice removal job.[\/vc_column_text][vc_empty_space][vc_empty_space][vc_single_image image=&#8221;77910&#8243; img_size=&#8221;full&#8221; alignment=&#8221;center&#8221;][vc_empty_space height=&#8221;40px&#8221;][\/vc_column][\/vc_row][vc_row css=&#8221;.vc_custom_1525540256674{margin-top: 60px !important;margin-bottom: 60px !important;padding-top: 20px !important;padding-bottom: 20px !important;background-color: #1c273d !important;}&#8221;][vc_column width=&#8221;2\/3&#8243; css=&#8221;.vc_custom_1525539992784{margin-top: 0px !important;margin-bottom: 0px !important;border-top-width: 0px !important;border-bottom-width: 0px !important;padding-top: 0px !important;padding-bottom: 0px !important;}&#8221;][vc_custom_heading text=&#8221;Roof expert | 100 years of expertise&#8221; font_container=&#8221;tag:h3|font_size:22px|text_align:left|color:%23fcfcfc|line_height:50px&#8221; use_theme_fonts=&#8221;yes&#8221; css=&#8221;.vc_custom_1676323293689{margin-top: 0px !important;margin-bottom: 0px !important;border-top-width: 0px !important;border-bottom-width: 0px !important;padding-top: 0px !important;padding-bottom: 0px !important;}&#8221;][\/vc_column][vc_column width=&#8221;1\/3&#8243; css=&#8221;.vc_custom_1525540006171{margin-top: 0px !important;margin-bottom: 0px !important;border-top-width: 0px !important;border-bottom-width: 0px !important;padding-top: 0px !important;padding-bottom: 0px !important;}&#8221;][vc_btn title=&#8221;Ask for a quote&#8221; shape=&#8221;round&#8221; color=&#8221;peacoc&#8221; size=&#8221;lg&#8221; align=&#8221;right&#8221; i_icon_fontawesome=&#8221;fa fa-sign-out&#8221; add_icon=&#8221;true&#8221; link=&#8221;url:https%3A%2F%2Fcouvreuremilelelievre.ca%2Fen%2Fcontact%2F|||&#8221; css=&#8221;.vc_custom_1751656467666{margin-top: 0px !important;margin-bottom: 0px !important;border-top-width: 0px !important;border-bottom-width: 0px !important;padding-top: 0px !important;padding-bottom: 0px !important;}&#8221;][\/vc_column][\/vc_row][vc_row][vc_column width=&#8221;1\/6&#8243;][vc_empty_space height=&#8221;35px&#8221;][vc_single_image image=&#8221;76642&#8243; img_size=&#8221;full&#8221; alignment=&#8221;center&#8221;][\/vc_column][vc_column width=&#8221;1\/6&#8243;][vc_single_image image=&#8221;76625&#8243; img_size=&#8221;full&#8221;][\/vc_column][vc_column width=&#8221;1\/6&#8243;][vc_single_image image=&#8221;76627&#8243; img_size=&#8221;full&#8221;][\/vc_column][vc_column width=&#8221;1\/6&#8243;][vc_single_image image=&#8221;76626&#8243; img_size=&#8221;full&#8221;][\/vc_column][vc_column width=&#8221;1\/6&#8243;][vc_single_image image=&#8221;76628&#8243; img_size=&#8221;full&#8221;][\/vc_column][vc_column width=&#8221;1\/6&#8243;][vc_single_image image=&#8221;76629&#8243; img_size=&#8221;full&#8221;][\/vc_column][\/vc_row]<\/p>\n","protected":false},"excerpt":{"rendered":"<p>[vc_row css=&#8221;.vc_custom_1525220669145{padding-top: 60px !important;}&#8221;][vc_column][vc_custom_heading text=&#8221;Flat roof snow and ice removal&#8221; font_container=&#8221;tag:h1|text_align:center&#8221;][vc_empty_space height=&#8221;90px&#8221;][\/vc_column][\/vc_row][vc_row][vc_column][vc_single_image image=&#8221;77914&#8243; img_size=&#8221;full&#8221; alignment=&#8221;center&#8221;][vc_empty_space][vc_empty_space][vc_custom_heading text=&#8221;Safety first&#8221; font_container=&#8221;tag:h2|font_size:23px|text_align:left|color:%2309a6d5&#8243;][vc_column_text] Roofer \u00c9mile Leli\u00e8vre Ferblantier has the best experts in Montr\u00e9al at your disposal Snow and ice build-up, whether on a residential, garage, or commercial\/industrial building roof, can not only weaken the structure of your roof and affect [&hellip;]<\/p>\n","protected":false},"author":1,"featured_media":77912,"parent":0,"menu_order":0,"comment_status":"closed","ping_status":"closed","template":"","meta":{"_mi_skip_tracking":false,"footnotes":""},"class_list":["post-76144","page","type-page","status-publish","has-post-thumbnail","hentry"],"yoast_head":"<!-- This site is optimized with the Yoast SEO plugin v27.4 - https:\/\/yoast.com\/product\/yoast-seo-wordpress\/ -->\n<title>Roof snow and ice removal \u2013 Greater Montreal Roofing Co.<\/title>\n<meta name=\"description\" content=\"Safety above all Snow and ice build-up, whether on a residential, garage, or commercial\/industrial building roof, can not only weaken the structure\" \/>\n<meta name=\"robots\" content=\"index, follow, max-snippet:-1, max-image-preview:large, max-video-preview:-1\" \/>\n<link rel=\"canonical\" href=\"https:\/\/couvreuremilelelievre.ca\/en\/rooftop-snow-and-ice-removal\/\" \/>\n<meta property=\"og:locale\" content=\"en_US\" \/>\n<meta property=\"og:type\" content=\"article\" \/>\n<meta property=\"og:title\" content=\"Roof snow and ice removal \u2013 Greater Montreal Roofing Co.\" \/>\n<meta property=\"og:description\" content=\"Safety above all Snow and ice build-up, whether on a residential, garage, or commercial\/industrial building roof, can not only weaken the structure\" \/>\n<meta property=\"og:url\" content=\"https:\/\/couvreuremilelelievre.ca\/en\/rooftop-snow-and-ice-removal\/\" \/>\n<meta property=\"og:site_name\" content=\"couvreuremilelelievre\" \/>\n<meta property=\"article:publisher\" content=\"https:\/\/www.facebook.com\/couvreuremilelelievre\/\" \/>\n<meta property=\"article:modified_time\" content=\"2025-07-04T19:14:37+00:00\" \/>\n<meta property=\"og:image\" content=\"https:\/\/couvreuremilelelievre.ca\/wp-content\/uploads\/2021\/01\/De\u0301neigement-Couvreur-Emile-Lelie\u0300vre-Ferblantier-Couvreur-carre_services5bis-2.jpg\" \/>\n\t<meta property=\"og:image:width\" content=\"420\" \/>\n\t<meta property=\"og:image:height\" content=\"420\" \/>\n\t<meta property=\"og:image:type\" content=\"image\/jpeg\" \/>\n<meta name=\"twitter:card\" content=\"summary_large_image\" \/>\n<meta name=\"twitter:label1\" content=\"Est. reading time\" \/>\n\t<meta name=\"twitter:data1\" content=\"2 minutes\" \/>\n<script type=\"application\/ld+json\" class=\"yoast-schema-graph\">{\"@context\":\"https:\\\/\\\/schema.org\",\"@graph\":[{\"@type\":\"WebPage\",\"@id\":\"https:\\\/\\\/couvreuremilelelievre.ca\\\/en\\\/rooftop-snow-and-ice-removal\\\/\",\"url\":\"https:\\\/\\\/couvreuremilelelievre.ca\\\/en\\\/rooftop-snow-and-ice-removal\\\/\",\"name\":\"Roof snow and ice removal \u2013 Greater Montreal Roofing Co.\",\"isPartOf\":{\"@id\":\"https:\\\/\\\/couvreuremilelelievre.ca\\\/#website\"},\"primaryImageOfPage\":{\"@id\":\"https:\\\/\\\/couvreuremilelelievre.ca\\\/en\\\/rooftop-snow-and-ice-removal\\\/#primaryimage\"},\"image\":{\"@id\":\"https:\\\/\\\/couvreuremilelelievre.ca\\\/en\\\/rooftop-snow-and-ice-removal\\\/#primaryimage\"},\"thumbnailUrl\":\"https:\\\/\\\/couvreuremilelelievre.ca\\\/wp-content\\\/uploads\\\/2021\\\/01\\\/De\u0301neigement-Couvreur-Emile-Lelie\u0300vre-Ferblantier-Couvreur-carre_services5bis-2.jpg\",\"datePublished\":\"2018-04-03T17:00:55+00:00\",\"dateModified\":\"2025-07-04T19:14:37+00:00\",\"description\":\"Safety above all Snow and ice build-up, whether on a residential, garage, or commercial\\\/industrial building roof, can not only weaken the structure\",\"breadcrumb\":{\"@id\":\"https:\\\/\\\/couvreuremilelelievre.ca\\\/en\\\/rooftop-snow-and-ice-removal\\\/#breadcrumb\"},\"inLanguage\":\"en-US\",\"potentialAction\":[{\"@type\":\"ReadAction\",\"target\":[\"https:\\\/\\\/couvreuremilelelievre.ca\\\/en\\\/rooftop-snow-and-ice-removal\\\/\"]}]},{\"@type\":\"ImageObject\",\"inLanguage\":\"en-US\",\"@id\":\"https:\\\/\\\/couvreuremilelelievre.ca\\\/en\\\/rooftop-snow-and-ice-removal\\\/#primaryimage\",\"url\":\"https:\\\/\\\/couvreuremilelelievre.ca\\\/wp-content\\\/uploads\\\/2021\\\/01\\\/De\u0301neigement-Couvreur-Emile-Lelie\u0300vre-Ferblantier-Couvreur-carre_services5bis-2.jpg\",\"contentUrl\":\"https:\\\/\\\/couvreuremilelelievre.ca\\\/wp-content\\\/uploads\\\/2021\\\/01\\\/De\u0301neigement-Couvreur-Emile-Lelie\u0300vre-Ferblantier-Couvreur-carre_services5bis-2.jpg\",\"width\":420,\"height\":420},{\"@type\":\"BreadcrumbList\",\"@id\":\"https:\\\/\\\/couvreuremilelelievre.ca\\\/en\\\/rooftop-snow-and-ice-removal\\\/#breadcrumb\",\"itemListElement\":[{\"@type\":\"ListItem\",\"position\":1,\"name\":\"Home\",\"item\":\"https:\\\/\\\/couvreuremilelelievre.ca\\\/en\\\/accueil\\\/\"},{\"@type\":\"ListItem\",\"position\":2,\"name\":\"Flat roof snow and ice removal\"}]},{\"@type\":\"WebSite\",\"@id\":\"https:\\\/\\\/couvreuremilelelievre.ca\\\/#website\",\"url\":\"https:\\\/\\\/couvreuremilelelievre.ca\\\/\",\"name\":\"couvreuremilelelievre\",\"description\":\"Emile Leli\u00e8vre - Services toitures r\u00e9sidentielles et commerciales\",\"publisher\":{\"@id\":\"https:\\\/\\\/couvreuremilelelievre.ca\\\/#organization\"},\"potentialAction\":[{\"@type\":\"SearchAction\",\"target\":{\"@type\":\"EntryPoint\",\"urlTemplate\":\"https:\\\/\\\/couvreuremilelelievre.ca\\\/?s={search_term_string}\"},\"query-input\":{\"@type\":\"PropertyValueSpecification\",\"valueRequired\":true,\"valueName\":\"search_term_string\"}}],\"inLanguage\":\"en-US\"},{\"@type\":\"Organization\",\"@id\":\"https:\\\/\\\/couvreuremilelelievre.ca\\\/#organization\",\"name\":\"Emile Leli\u00e8vre Ferblantier Couvreur\",\"url\":\"https:\\\/\\\/couvreuremilelelievre.ca\\\/\",\"logo\":{\"@type\":\"ImageObject\",\"inLanguage\":\"en-US\",\"@id\":\"https:\\\/\\\/couvreuremilelelievre.ca\\\/#\\\/schema\\\/logo\\\/image\\\/\",\"url\":\"https:\\\/\\\/couvreuremilelelievre.ca\\\/wp-content\\\/uploads\\\/2018\\\/01\\\/Logo.png\",\"contentUrl\":\"https:\\\/\\\/couvreuremilelelievre.ca\\\/wp-content\\\/uploads\\\/2018\\\/01\\\/Logo.png\",\"width\":300,\"height\":300,\"caption\":\"Emile Leli\u00e8vre Ferblantier Couvreur\"},\"image\":{\"@id\":\"https:\\\/\\\/couvreuremilelelievre.ca\\\/#\\\/schema\\\/logo\\\/image\\\/\"},\"sameAs\":[\"https:\\\/\\\/www.facebook.com\\\/couvreuremilelelievre\\\/\",\"https:\\\/\\\/www.linkedin.com\\\/company\\\/11247181\\\/\"]}]}<\/script>\n<!-- \/ Yoast SEO plugin. -->","yoast_head_json":{"title":"Roof snow and ice removal \u2013 Greater Montreal Roofing Co.","description":"Safety above all Snow and ice build-up, whether on a residential, garage, or commercial\/industrial building roof, can not only weaken the structure","robots":{"index":"index","follow":"follow","max-snippet":"max-snippet:-1","max-image-preview":"max-image-preview:large","max-video-preview":"max-video-preview:-1"},"canonical":"https:\/\/couvreuremilelelievre.ca\/en\/rooftop-snow-and-ice-removal\/","og_locale":"en_US","og_type":"article","og_title":"Roof snow and ice removal \u2013 Greater Montreal Roofing Co.","og_description":"Safety above all Snow and ice build-up, whether on a residential, garage, or commercial\/industrial building roof, can not only weaken the structure","og_url":"https:\/\/couvreuremilelelievre.ca\/en\/rooftop-snow-and-ice-removal\/","og_site_name":"couvreuremilelelievre","article_publisher":"https:\/\/www.facebook.com\/couvreuremilelelievre\/","article_modified_time":"2025-07-04T19:14:37+00:00","og_image":[{"width":420,"height":420,"url":"https:\/\/couvreuremilelelievre.ca\/wp-content\/uploads\/2021\/01\/De\u0301neigement-Couvreur-Emile-Lelie\u0300vre-Ferblantier-Couvreur-carre_services5bis-2.jpg","type":"image\/jpeg"}],"twitter_card":"summary_large_image","twitter_misc":{"Est. reading time":"2 minutes"},"schema":{"@context":"https:\/\/schema.org","@graph":[{"@type":"WebPage","@id":"https:\/\/couvreuremilelelievre.ca\/en\/rooftop-snow-and-ice-removal\/","url":"https:\/\/couvreuremilelelievre.ca\/en\/rooftop-snow-and-ice-removal\/","name":"Roof snow and ice removal \u2013 Greater Montreal Roofing Co.","isPartOf":{"@id":"https:\/\/couvreuremilelelievre.ca\/#website"},"primaryImageOfPage":{"@id":"https:\/\/couvreuremilelelievre.ca\/en\/rooftop-snow-and-ice-removal\/#primaryimage"},"image":{"@id":"https:\/\/couvreuremilelelievre.ca\/en\/rooftop-snow-and-ice-removal\/#primaryimage"},"thumbnailUrl":"https:\/\/couvreuremilelelievre.ca\/wp-content\/uploads\/2021\/01\/De\u0301neigement-Couvreur-Emile-Lelie\u0300vre-Ferblantier-Couvreur-carre_services5bis-2.jpg","datePublished":"2018-04-03T17:00:55+00:00","dateModified":"2025-07-04T19:14:37+00:00","description":"Safety above all Snow and ice build-up, whether on a residential, garage, or commercial\/industrial building roof, can not only weaken the structure","breadcrumb":{"@id":"https:\/\/couvreuremilelelievre.ca\/en\/rooftop-snow-and-ice-removal\/#breadcrumb"},"inLanguage":"en-US","potentialAction":[{"@type":"ReadAction","target":["https:\/\/couvreuremilelelievre.ca\/en\/rooftop-snow-and-ice-removal\/"]}]},{"@type":"ImageObject","inLanguage":"en-US","@id":"https:\/\/couvreuremilelelievre.ca\/en\/rooftop-snow-and-ice-removal\/#primaryimage","url":"https:\/\/couvreuremilelelievre.ca\/wp-content\/uploads\/2021\/01\/De\u0301neigement-Couvreur-Emile-Lelie\u0300vre-Ferblantier-Couvreur-carre_services5bis-2.jpg","contentUrl":"https:\/\/couvreuremilelelievre.ca\/wp-content\/uploads\/2021\/01\/De\u0301neigement-Couvreur-Emile-Lelie\u0300vre-Ferblantier-Couvreur-carre_services5bis-2.jpg","width":420,"height":420},{"@type":"BreadcrumbList","@id":"https:\/\/couvreuremilelelievre.ca\/en\/rooftop-snow-and-ice-removal\/#breadcrumb","itemListElement":[{"@type":"ListItem","position":1,"name":"Home","item":"https:\/\/couvreuremilelelievre.ca\/en\/accueil\/"},{"@type":"ListItem","position":2,"name":"Flat roof snow and ice removal"}]},{"@type":"WebSite","@id":"https:\/\/couvreuremilelelievre.ca\/#website","url":"https:\/\/couvreuremilelelievre.ca\/","name":"couvreuremilelelievre","description":"Emile Leli\u00e8vre - Services toitures r\u00e9sidentielles et commerciales","publisher":{"@id":"https:\/\/couvreuremilelelievre.ca\/#organization"},"potentialAction":[{"@type":"SearchAction","target":{"@type":"EntryPoint","urlTemplate":"https:\/\/couvreuremilelelievre.ca\/?s={search_term_string}"},"query-input":{"@type":"PropertyValueSpecification","valueRequired":true,"valueName":"search_term_string"}}],"inLanguage":"en-US"},{"@type":"Organization","@id":"https:\/\/couvreuremilelelievre.ca\/#organization","name":"Emile Leli\u00e8vre Ferblantier Couvreur","url":"https:\/\/couvreuremilelelievre.ca\/","logo":{"@type":"ImageObject","inLanguage":"en-US","@id":"https:\/\/couvreuremilelelievre.ca\/#\/schema\/logo\/image\/","url":"https:\/\/couvreuremilelelievre.ca\/wp-content\/uploads\/2018\/01\/Logo.png","contentUrl":"https:\/\/couvreuremilelelievre.ca\/wp-content\/uploads\/2018\/01\/Logo.png","width":300,"height":300,"caption":"Emile Leli\u00e8vre Ferblantier Couvreur"},"image":{"@id":"https:\/\/couvreuremilelelievre.ca\/#\/schema\/logo\/image\/"},"sameAs":["https:\/\/www.facebook.com\/couvreuremilelelievre\/","https:\/\/www.linkedin.com\/company\/11247181\/"]}]}},"_links":{"self":[{"href":"https:\/\/couvreuremilelelievre.ca\/en\/wp-json\/wp\/v2\/pages\/76144\/"}],"collection":[{"href":"https:\/\/couvreuremilelelievre.ca\/en\/wp-json\/wp\/v2\/pages\/"}],"about":[{"href":"https:\/\/couvreuremilelelievre.ca\/en\/wp-json\/wp\/v2\/types\/page\/"}],"author":[{"embeddable":true,"href":"https:\/\/couvreuremilelelievre.ca\/en\/wp-json\/wp\/v2\/users\/1\/"}],"replies":[{"embeddable":true,"href":"https:\/\/couvreuremilelelievre.ca\/en\/wp-json\/wp\/v2\/comments\/?post=76144"}],"version-history":[{"count":26,"href":"https:\/\/couvreuremilelelievre.ca\/en\/wp-json\/wp\/v2\/pages\/76144\/revisions\/"}],"predecessor-version":[{"id":78273,"href":"https:\/\/couvreuremilelelievre.ca\/en\/wp-json\/wp\/v2\/pages\/76144\/revisions\/78273\/"}],"wp:featuredmedia":[{"embeddable":true,"href":"https:\/\/couvreuremilelelievre.ca\/en\/wp-json\/wp\/v2\/media\/77912\/"}],"wp:attachment":[{"href":"https:\/\/couvreuremilelelievre.ca\/en\/wp-json\/wp\/v2\/media\/?parent=76144"}],"curies":[{"name":"wp","href":"https:\/\/api.w.org\/{rel}","templated":true}]}}