{"id":76149,"date":"2018-04-03T17:04:31","date_gmt":"2018-04-03T17:04:31","guid":{"rendered":"https:\/\/couvreuremilelelievre.ca\/wordpress\/?page_id=76149"},"modified":"2025-07-04T19:05:37","modified_gmt":"2025-07-04T19:05:37","slug":"skylight-and-roof-vent-installation","status":"publish","type":"page","link":"https:\/\/couvreuremilelelievre.ca\/en\/skylight-and-roof-vent-installation\/","title":{"rendered":"Skylight and roof vent installation\u00a0"},"content":{"rendered":"<p>[vc_row css=&#8221;.vc_custom_1525222380091{padding-top: 60px !important;}&#8221;][vc_column][vc_custom_heading text=&#8221;Skylight and roof vent installation&#8221; font_container=&#8221;tag:h1|text_align:center&#8221;][vc_empty_space height=&#8221;90px&#8221;][\/vc_column][\/vc_row][vc_row][vc_column][vc_custom_heading text=&#8221;Focus on light and ventilation<br \/>\n&#8221; font_container=&#8221;tag:h2|font_size:23px|text_align:left|color:%2309a6d5&#8243;][vc_column_text]<strong>Private residences, garages, commercial\/industrial spaces: all these types of building sometimes lack natural light. To address this issue, \u00c9mile Leli\u00e8vre Ferblantier Couvreur offers a range of services in the Greater Montr\u00e9al region, including:<\/strong><\/p>\n<p><strong>\u2981 Installation or replacement of various models of skylight (dome, pyramid) in any type of roof<\/strong><br \/>\n<strong>\u2981 Sheet-metal installation on your roof<\/strong><br \/>\n<strong>\u2981 Ventilation system installation or replacement <\/strong><br \/>\n<strong>\u2981 Insulation<\/strong><\/p>\n<p><strong>Need a skylight installed or replaced? With \u00c9mile Leli\u00e8vre Ferblantier Couvreur, you\u2019re guaranteed the top roofing experts in the Greater Montr\u00e9al region. Because your roof is an essential component of your dwelling, we make sure to consistently use the best materials. That includes in-house manufacturing of the flashing and counterflashing around your skylight to guarantee quality, solidity and durability.<\/strong>[\/vc_column_text][\/vc_column][\/vc_row][vc_row][vc_column][vc_empty_space height=&#8221;40px&#8221;][\/vc_column][\/vc_row][vc_row][vc_column width=&#8221;1\/2&#8243;][vc_single_image image=&#8221;76612&#8243; img_size=&#8221;full&#8221;][\/vc_column][vc_column width=&#8221;1\/2&#8243;][vc_single_image image=&#8221;76613&#8243; img_size=&#8221;full&#8221;][\/vc_column][\/vc_row][vc_row][vc_column width=&#8221;1\/2&#8243;][vc_empty_space height=&#8221;40px&#8221;][\/vc_column][vc_column width=&#8221;1\/2&#8243;][vc_empty_space height=&#8221;40px&#8221;][\/vc_column][\/vc_row][vc_row css=&#8221;.vc_custom_1517255640382{padding-top: 20px !important;padding-bottom: 20px !important;background-color: #00274e !important;}&#8221;][vc_column width=&#8221;2\/3&#8243;][vc_custom_heading text=&#8221;Need work done? Choose an experienced roofer&#8221; font_container=&#8221;tag:h3|font_size:22px|text_align:center|color:%23ffffff|line_height:50px&#8221; use_theme_fonts=&#8221;yes&#8221;][\/vc_column][vc_column width=&#8221;1\/3&#8243;][vc_btn title=&#8221;Ask for a quote&#8221; shape=&#8221;round&#8221; color=&#8221;peacoc&#8221; i_icon_fontawesome=&#8221;fa fa-sign-out&#8221; add_icon=&#8221;true&#8221; link=&#8221;url:https%3A%2F%2Fcouvreuremilelelievre.ca%2Fen%2Fcontact%2F|||&#8221;][\/vc_column][\/vc_row][vc_row][vc_column][vc_empty_space][\/vc_column][\/vc_row][vc_row][vc_column width=&#8221;1\/6&#8243;][vc_empty_space height=&#8221;35px&#8221;][vc_single_image image=&#8221;76642&#8243; img_size=&#8221;full&#8221; alignment=&#8221;center&#8221;][\/vc_column][vc_column width=&#8221;1\/6&#8243;][vc_single_image image=&#8221;76625&#8243; img_size=&#8221;full&#8221;][\/vc_column][vc_column width=&#8221;1\/6&#8243;][vc_single_image image=&#8221;76627&#8243; img_size=&#8221;full&#8221;][\/vc_column][vc_column width=&#8221;1\/6&#8243;][vc_single_image image=&#8221;76626&#8243; img_size=&#8221;full&#8221;][\/vc_column][vc_column width=&#8221;1\/6&#8243;][vc_single_image image=&#8221;76628&#8243; img_size=&#8221;full&#8221;][\/vc_column][vc_column width=&#8221;1\/6&#8243;][vc_single_image image=&#8221;76629&#8243; img_size=&#8221;full&#8221;][\/vc_column][\/vc_row]<\/p>\n","protected":false},"excerpt":{"rendered":"<p>[vc_row css=&#8221;.vc_custom_1525222380091{padding-top: 60px !important;}&#8221;][vc_column][vc_custom_heading text=&#8221;Skylight and roof vent installation&#8221; font_container=&#8221;tag:h1|text_align:center&#8221;][vc_empty_space height=&#8221;90px&#8221;][\/vc_column][\/vc_row][vc_row][vc_column][vc_custom_heading text=&#8221;Focus on light and ventilation &#8221; font_container=&#8221;tag:h2|font_size:23px|text_align:left|color:%2309a6d5&#8243;][vc_column_text]Private residences, garages, commercial\/industrial spaces: all these types of building sometimes lack natural light. To address this issue, \u00c9mile Leli\u00e8vre Ferblantier Couvreur offers a range of services in the Greater Montr\u00e9al region, including: \u2981 Installation or replacement of [&hellip;]<\/p>\n","protected":false},"author":1,"featured_media":75998,"parent":0,"menu_order":0,"comment_status":"closed","ping_status":"closed","template":"","meta":{"_mi_skip_tracking":false,"footnotes":""},"class_list":["post-76149","page","type-page","status-publish","has-post-thumbnail","hentry"],"yoast_head":"<!-- This site is optimized with the Yoast SEO plugin v27.4 - https:\/\/yoast.com\/product\/yoast-seo-wordpress\/ -->\n<title>Skylight and roof vent installation \u2013 Montreal Roofer and Tinsmith<\/title>\n<meta name=\"description\" content=\"Private residences, garages, commercial\/industrial spaces: all these types of building sometimes lack natural light. To address this issue, \u00c9mile Leli\u00e8vre Couvreur Ferblantier offers a range of services in the Greater Montr\u00e9al region, including: \u2981 Installation or replacement of various models of skylight (dome, ...\" \/>\n<meta name=\"robots\" content=\"index, follow, max-snippet:-1, max-image-preview:large, max-video-preview:-1\" \/>\n<link rel=\"canonical\" href=\"https:\/\/couvreuremilelelievre.ca\/en\/skylight-and-roof-vent-installation\/\" \/>\n<meta property=\"og:locale\" content=\"en_US\" \/>\n<meta property=\"og:type\" content=\"article\" \/>\n<meta property=\"og:title\" content=\"Skylight and roof vent installation \u2013 Montreal Roofer and Tinsmith\" \/>\n<meta property=\"og:description\" content=\"Private residences, garages, commercial\/industrial spaces: all these types of building sometimes lack natural light. To address this issue, \u00c9mile Leli\u00e8vre Couvreur Ferblantier offers a range of services in the Greater Montr\u00e9al region, including: \u2981 Installation or replacement of various models of skylight (dome, ...\" \/>\n<meta property=\"og:url\" content=\"https:\/\/couvreuremilelelievre.ca\/en\/skylight-and-roof-vent-installation\/\" \/>\n<meta property=\"og:site_name\" content=\"couvreuremilelelievre\" \/>\n<meta property=\"article:publisher\" content=\"https:\/\/www.facebook.com\/couvreuremilelelievre\/\" \/>\n<meta property=\"article:modified_time\" content=\"2025-07-04T19:05:37+00:00\" \/>\n<meta property=\"og:image\" content=\"https:\/\/couvreuremilelelievre.ca\/wp-content\/uploads\/2018\/03\/13.jpg\" \/>\n\t<meta property=\"og:image:width\" content=\"259\" \/>\n\t<meta property=\"og:image:height\" content=\"194\" \/>\n\t<meta property=\"og:image:type\" content=\"image\/jpeg\" \/>\n<meta name=\"twitter:card\" content=\"summary_large_image\" \/>\n<meta name=\"twitter:label1\" content=\"Est. reading time\" \/>\n\t<meta name=\"twitter:data1\" content=\"2 minutes\" \/>\n<script type=\"application\/ld+json\" class=\"yoast-schema-graph\">{\"@context\":\"https:\\\/\\\/schema.org\",\"@graph\":[{\"@type\":\"WebPage\",\"@id\":\"https:\\\/\\\/couvreuremilelelievre.ca\\\/en\\\/skylight-and-roof-vent-installation\\\/\",\"url\":\"https:\\\/\\\/couvreuremilelelievre.ca\\\/en\\\/skylight-and-roof-vent-installation\\\/\",\"name\":\"Skylight and roof vent installation \u2013 Montreal Roofer and Tinsmith\",\"isPartOf\":{\"@id\":\"https:\\\/\\\/couvreuremilelelievre.ca\\\/#website\"},\"primaryImageOfPage\":{\"@id\":\"https:\\\/\\\/couvreuremilelelievre.ca\\\/en\\\/skylight-and-roof-vent-installation\\\/#primaryimage\"},\"image\":{\"@id\":\"https:\\\/\\\/couvreuremilelelievre.ca\\\/en\\\/skylight-and-roof-vent-installation\\\/#primaryimage\"},\"thumbnailUrl\":\"https:\\\/\\\/couvreuremilelelievre.ca\\\/wp-content\\\/uploads\\\/2018\\\/03\\\/13.jpg\",\"datePublished\":\"2018-04-03T17:04:31+00:00\",\"dateModified\":\"2025-07-04T19:05:37+00:00\",\"description\":\"Private residences, garages, commercial\\\/industrial spaces: all these types of building sometimes lack natural light. To address this issue, \u00c9mile Leli\u00e8vre Couvreur Ferblantier offers a range of services in the Greater Montr\u00e9al region, including: \u2981 Installation or replacement of various models of skylight (dome, ...\",\"breadcrumb\":{\"@id\":\"https:\\\/\\\/couvreuremilelelievre.ca\\\/en\\\/skylight-and-roof-vent-installation\\\/#breadcrumb\"},\"inLanguage\":\"en-US\",\"potentialAction\":[{\"@type\":\"ReadAction\",\"target\":[\"https:\\\/\\\/couvreuremilelelievre.ca\\\/en\\\/skylight-and-roof-vent-installation\\\/\"]}]},{\"@type\":\"ImageObject\",\"inLanguage\":\"en-US\",\"@id\":\"https:\\\/\\\/couvreuremilelelievre.ca\\\/en\\\/skylight-and-roof-vent-installation\\\/#primaryimage\",\"url\":\"https:\\\/\\\/couvreuremilelelievre.ca\\\/wp-content\\\/uploads\\\/2018\\\/03\\\/13.jpg\",\"contentUrl\":\"https:\\\/\\\/couvreuremilelelievre.ca\\\/wp-content\\\/uploads\\\/2018\\\/03\\\/13.jpg\",\"width\":259,\"height\":194,\"caption\":\"Skylight and roof vent installation \u00c9mile Lelievre Couvreur Ferblantier\"},{\"@type\":\"BreadcrumbList\",\"@id\":\"https:\\\/\\\/couvreuremilelelievre.ca\\\/en\\\/skylight-and-roof-vent-installation\\\/#breadcrumb\",\"itemListElement\":[{\"@type\":\"ListItem\",\"position\":1,\"name\":\"Home\",\"item\":\"https:\\\/\\\/couvreuremilelelievre.ca\\\/en\\\/accueil\\\/\"},{\"@type\":\"ListItem\",\"position\":2,\"name\":\"Skylight and roof vent installation\u00a0\"}]},{\"@type\":\"WebSite\",\"@id\":\"https:\\\/\\\/couvreuremilelelievre.ca\\\/#website\",\"url\":\"https:\\\/\\\/couvreuremilelelievre.ca\\\/\",\"name\":\"couvreuremilelelievre\",\"description\":\"Emile Leli\u00e8vre - Services toitures r\u00e9sidentielles et commerciales\",\"publisher\":{\"@id\":\"https:\\\/\\\/couvreuremilelelievre.ca\\\/#organization\"},\"potentialAction\":[{\"@type\":\"SearchAction\",\"target\":{\"@type\":\"EntryPoint\",\"urlTemplate\":\"https:\\\/\\\/couvreuremilelelievre.ca\\\/?s={search_term_string}\"},\"query-input\":{\"@type\":\"PropertyValueSpecification\",\"valueRequired\":true,\"valueName\":\"search_term_string\"}}],\"inLanguage\":\"en-US\"},{\"@type\":\"Organization\",\"@id\":\"https:\\\/\\\/couvreuremilelelievre.ca\\\/#organization\",\"name\":\"Emile Leli\u00e8vre Ferblantier Couvreur\",\"url\":\"https:\\\/\\\/couvreuremilelelievre.ca\\\/\",\"logo\":{\"@type\":\"ImageObject\",\"inLanguage\":\"en-US\",\"@id\":\"https:\\\/\\\/couvreuremilelelievre.ca\\\/#\\\/schema\\\/logo\\\/image\\\/\",\"url\":\"https:\\\/\\\/couvreuremilelelievre.ca\\\/wp-content\\\/uploads\\\/2018\\\/01\\\/Logo.png\",\"contentUrl\":\"https:\\\/\\\/couvreuremilelelievre.ca\\\/wp-content\\\/uploads\\\/2018\\\/01\\\/Logo.png\",\"width\":300,\"height\":300,\"caption\":\"Emile Leli\u00e8vre Ferblantier Couvreur\"},\"image\":{\"@id\":\"https:\\\/\\\/couvreuremilelelievre.ca\\\/#\\\/schema\\\/logo\\\/image\\\/\"},\"sameAs\":[\"https:\\\/\\\/www.facebook.com\\\/couvreuremilelelievre\\\/\",\"https:\\\/\\\/www.linkedin.com\\\/company\\\/11247181\\\/\"]}]}<\/script>\n<!-- \/ Yoast SEO plugin. -->","yoast_head_json":{"title":"Skylight and roof vent installation \u2013 Montreal Roofer and Tinsmith","description":"Private residences, garages, commercial\/industrial spaces: all these types of building sometimes lack natural light. To address this issue, \u00c9mile Leli\u00e8vre Couvreur Ferblantier offers a range of services in the Greater Montr\u00e9al region, including: \u2981 Installation or replacement of various models of skylight (dome, ...","robots":{"index":"index","follow":"follow","max-snippet":"max-snippet:-1","max-image-preview":"max-image-preview:large","max-video-preview":"max-video-preview:-1"},"canonical":"https:\/\/couvreuremilelelievre.ca\/en\/skylight-and-roof-vent-installation\/","og_locale":"en_US","og_type":"article","og_title":"Skylight and roof vent installation \u2013 Montreal Roofer and Tinsmith","og_description":"Private residences, garages, commercial\/industrial spaces: all these types of building sometimes lack natural light. To address this issue, \u00c9mile Leli\u00e8vre Couvreur Ferblantier offers a range of services in the Greater Montr\u00e9al region, including: \u2981 Installation or replacement of various models of skylight (dome, ...","og_url":"https:\/\/couvreuremilelelievre.ca\/en\/skylight-and-roof-vent-installation\/","og_site_name":"couvreuremilelelievre","article_publisher":"https:\/\/www.facebook.com\/couvreuremilelelievre\/","article_modified_time":"2025-07-04T19:05:37+00:00","og_image":[{"width":259,"height":194,"url":"https:\/\/couvreuremilelelievre.ca\/wp-content\/uploads\/2018\/03\/13.jpg","type":"image\/jpeg"}],"twitter_card":"summary_large_image","twitter_misc":{"Est. reading time":"2 minutes"},"schema":{"@context":"https:\/\/schema.org","@graph":[{"@type":"WebPage","@id":"https:\/\/couvreuremilelelievre.ca\/en\/skylight-and-roof-vent-installation\/","url":"https:\/\/couvreuremilelelievre.ca\/en\/skylight-and-roof-vent-installation\/","name":"Skylight and roof vent installation \u2013 Montreal Roofer and Tinsmith","isPartOf":{"@id":"https:\/\/couvreuremilelelievre.ca\/#website"},"primaryImageOfPage":{"@id":"https:\/\/couvreuremilelelievre.ca\/en\/skylight-and-roof-vent-installation\/#primaryimage"},"image":{"@id":"https:\/\/couvreuremilelelievre.ca\/en\/skylight-and-roof-vent-installation\/#primaryimage"},"thumbnailUrl":"https:\/\/couvreuremilelelievre.ca\/wp-content\/uploads\/2018\/03\/13.jpg","datePublished":"2018-04-03T17:04:31+00:00","dateModified":"2025-07-04T19:05:37+00:00","description":"Private residences, garages, commercial\/industrial spaces: all these types of building sometimes lack natural light. To address this issue, \u00c9mile Leli\u00e8vre Couvreur Ferblantier offers a range of services in the Greater Montr\u00e9al region, including: \u2981 Installation or replacement of various models of skylight (dome, ...","breadcrumb":{"@id":"https:\/\/couvreuremilelelievre.ca\/en\/skylight-and-roof-vent-installation\/#breadcrumb"},"inLanguage":"en-US","potentialAction":[{"@type":"ReadAction","target":["https:\/\/couvreuremilelelievre.ca\/en\/skylight-and-roof-vent-installation\/"]}]},{"@type":"ImageObject","inLanguage":"en-US","@id":"https:\/\/couvreuremilelelievre.ca\/en\/skylight-and-roof-vent-installation\/#primaryimage","url":"https:\/\/couvreuremilelelievre.ca\/wp-content\/uploads\/2018\/03\/13.jpg","contentUrl":"https:\/\/couvreuremilelelievre.ca\/wp-content\/uploads\/2018\/03\/13.jpg","width":259,"height":194,"caption":"Skylight and roof vent installation \u00c9mile Lelievre Couvreur Ferblantier"},{"@type":"BreadcrumbList","@id":"https:\/\/couvreuremilelelievre.ca\/en\/skylight-and-roof-vent-installation\/#breadcrumb","itemListElement":[{"@type":"ListItem","position":1,"name":"Home","item":"https:\/\/couvreuremilelelievre.ca\/en\/accueil\/"},{"@type":"ListItem","position":2,"name":"Skylight and roof vent installation\u00a0"}]},{"@type":"WebSite","@id":"https:\/\/couvreuremilelelievre.ca\/#website","url":"https:\/\/couvreuremilelelievre.ca\/","name":"couvreuremilelelievre","description":"Emile Leli\u00e8vre - Services toitures r\u00e9sidentielles et commerciales","publisher":{"@id":"https:\/\/couvreuremilelelievre.ca\/#organization"},"potentialAction":[{"@type":"SearchAction","target":{"@type":"EntryPoint","urlTemplate":"https:\/\/couvreuremilelelievre.ca\/?s={search_term_string}"},"query-input":{"@type":"PropertyValueSpecification","valueRequired":true,"valueName":"search_term_string"}}],"inLanguage":"en-US"},{"@type":"Organization","@id":"https:\/\/couvreuremilelelievre.ca\/#organization","name":"Emile Leli\u00e8vre Ferblantier Couvreur","url":"https:\/\/couvreuremilelelievre.ca\/","logo":{"@type":"ImageObject","inLanguage":"en-US","@id":"https:\/\/couvreuremilelelievre.ca\/#\/schema\/logo\/image\/","url":"https:\/\/couvreuremilelelievre.ca\/wp-content\/uploads\/2018\/01\/Logo.png","contentUrl":"https:\/\/couvreuremilelelievre.ca\/wp-content\/uploads\/2018\/01\/Logo.png","width":300,"height":300,"caption":"Emile Leli\u00e8vre Ferblantier Couvreur"},"image":{"@id":"https:\/\/couvreuremilelelievre.ca\/#\/schema\/logo\/image\/"},"sameAs":["https:\/\/www.facebook.com\/couvreuremilelelievre\/","https:\/\/www.linkedin.com\/company\/11247181\/"]}]}},"_links":{"self":[{"href":"https:\/\/couvreuremilelelievre.ca\/en\/wp-json\/wp\/v2\/pages\/76149\/"}],"collection":[{"href":"https:\/\/couvreuremilelelievre.ca\/en\/wp-json\/wp\/v2\/pages\/"}],"about":[{"href":"https:\/\/couvreuremilelelievre.ca\/en\/wp-json\/wp\/v2\/types\/page\/"}],"author":[{"embeddable":true,"href":"https:\/\/couvreuremilelelievre.ca\/en\/wp-json\/wp\/v2\/users\/1\/"}],"replies":[{"embeddable":true,"href":"https:\/\/couvreuremilelelievre.ca\/en\/wp-json\/wp\/v2\/comments\/?post=76149"}],"version-history":[{"count":16,"href":"https:\/\/couvreuremilelelievre.ca\/en\/wp-json\/wp\/v2\/pages\/76149\/revisions\/"}],"predecessor-version":[{"id":78269,"href":"https:\/\/couvreuremilelelievre.ca\/en\/wp-json\/wp\/v2\/pages\/76149\/revisions\/78269\/"}],"wp:featuredmedia":[{"embeddable":true,"href":"https:\/\/couvreuremilelelievre.ca\/en\/wp-json\/wp\/v2\/media\/75998\/"}],"wp:attachment":[{"href":"https:\/\/couvreuremilelelievre.ca\/en\/wp-json\/wp\/v2\/media\/?parent=76149"}],"curies":[{"name":"wp","href":"https:\/\/api.w.org\/{rel}","templated":true}]}}