{"id":76173,"date":"2018-04-03T18:17:01","date_gmt":"2018-04-03T18:17:01","guid":{"rendered":"https:\/\/couvreuremilelelievre.ca\/wordpress\/?page_id=76173"},"modified":"2021-04-15T19:07:17","modified_gmt":"2021-04-15T19:07:17","slug":"financing","status":"publish","type":"page","link":"https:\/\/couvreuremilelelievre.ca\/en\/financing\/","title":{"rendered":"Financing"},"content":{"rendered":"<p>[vc_row css=&#8221;.vc_custom_1525222455428{padding-top: 60px !important;}&#8221;][vc_column][vc_empty_space][vc_custom_heading text=&#8221;Financing&#8221; font_container=&#8221;tag:h1|text_align:center|color:%23112c3f&#8221;][vc_empty_space height=&#8221;90px&#8221;][\/vc_column][\/vc_row][vc_row][vc_column][vc_empty_space][vc_custom_heading text=&#8221;Your next major purchase just became more affordable.&#8221; font_container=&#8221;tag:h1|text_align:center|color:%23112c3f&#8221;][vc_custom_heading text=&#8221;\u00c9mile Leli\u00e8vre Ferblantier Couvreur Inc. invites you to apply for a Financeit payment plan.&#8221; font_container=&#8221;tag:h2|text_align:center|color:%2309a6d5&#8243;][vc_empty_space][\/vc_column][\/vc_row][vc_row][vc_column][vc_single_image image=&#8221;76211&#8243; img_size=&#8221;full&#8221; alignment=&#8221;center&#8221; onclick=&#8221;custom_link&#8221; img_link_target=&#8221;_blank&#8221; link=&#8221;https:\/\/www.financeit.ca\/s\/i-dMlw&#8221;][vc_empty_space height=&#8221;25px&#8221;][vc_custom_heading text=&#8221;It takes just a few seconds to check if you\u2019re eligible. No obligation, no commitment!<br \/>\n&#8221; font_container=&#8221;tag:h3|text_align:center|color:%23112c3f&#8221;][vc_empty_space height=&#8221;83px&#8221;][\/vc_column][\/vc_row][vc_row][vc_column][vc_custom_heading text=&#8221;Fair and flexible<br \/>\n&#8221; font_container=&#8221;tag:h3|text_align:left|color:%2309a6d5&#8243;][vc_column_text]Make additional payments any time, with no penalty[\/vc_column_text][vc_empty_space height=&#8221;22px&#8221;][vc_custom_heading text=&#8221;Easy and affordable<br \/>\n&#8221; font_container=&#8221;tag:h3|text_align:left|color:%2309a6d5&#8243;][vc_column_text]Lower the amount of your payment by choosing an amortization period as long as 120 months. Interest rates range from 8.99% to 11.24%[\/vc_column_text][vc_empty_space height=&#8221;22px&#8221;][vc_custom_heading text=&#8221;Confidential and secure&#8221; font_container=&#8221;tag:h3|text_align:left|color:%2309a6d5&#8243;][vc_column_text]Bank-level encryption (AES-256 bit SSL) to protect your personal information.<br \/>\n<a href=\"https:\/\/www.financeit.io\/ca\/en\/privacy_ca_en\" target=\"_blank\" rel=\"noopener noreferrer\">Privacy policy\u00a0<\/a>[\/vc_column_text][vc_empty_space height=&#8221;22px&#8221;][vc_custom_heading text=&#8221;Direct and transparent<br \/>\n&#8221; font_container=&#8221;tag:h3|text_align:left|color:%2309a6d5&#8243;][vc_column_text]We add a small fee to the loan amount. There are no hidden or additional fees.<\/p>\n<p>&nbsp;<\/p>\n<div class=\"row legal-disclaimer\">\n<p class=\"disclaimer\">*Subject to credit approval. Interest rate applies to 60-month term only.<\/p>\n<\/div>\n<p>[\/vc_column_text][vc_empty_space height=&#8221;22px&#8221;][vc_single_image image=&#8221;75863&#8243; img_size=&#8221;full&#8221; alignment=&#8221;center&#8221; onclick=&#8221;custom_link&#8221; img_link_target=&#8221;_blank&#8221; link=&#8221;https:\/\/www.financeit.ca\/s\/i-dMlw&#8221;][vc_empty_space height=&#8221;85px&#8221;][\/vc_column][\/vc_row][vc_row][vc_column][vc_custom_heading text=&#8221;Fast&#8221; font_container=&#8221;tag:h3|text_align:left|color:%2309a6d5&#8243;][vc_column_text]Available in minutes![\/vc_column_text][vc_empty_space height=&#8221;22px&#8221;][vc_custom_heading text=&#8221;Accessible&#8221; font_container=&#8221;tag:h3|text_align:left|color:%2309a6d5&#8243;][vc_column_text]Via Acc\u00e8sD Internet, by phone or at your branch.[\/vc_column_text][vc_empty_space height=&#8221;22px&#8221;][vc_custom_heading text=&#8221;Flexible&#8221; font_container=&#8221;tag:h3|text_align:left|color:%2309a6d5&#8243;][vc_column_text]Reimbursement period of between 6 and 120 months.[\/vc_column_text][vc_empty_space height=&#8221;35px&#8221;][\/vc_column][\/vc_row][vc_row css=&#8221;.vc_custom_1519670524522{padding-top: 20px !important;padding-bottom: 20px !important;background-color: #00274e !important;}&#8221;][vc_column width=&#8221;2\/3&#8243;][vc_custom_heading text=&#8221;Contact us for affordable financing.&#8221; font_container=&#8221;tag:h2|font_size:22px|text_align:center|color:%23ffffff|line_height:50px&#8221; use_theme_fonts=&#8221;yes&#8221;][\/vc_column][vc_column width=&#8221;1\/3&#8243;][vc_btn title=&#8221; (514) 271-9900&#8243; shape=&#8221;round&#8221; color=&#8221;peacoc&#8221;][\/vc_column][\/vc_row]<\/p>\n","protected":false},"excerpt":{"rendered":"<p>[vc_row css=&#8221;.vc_custom_1525222455428{padding-top: 60px !important;}&#8221;][vc_column][vc_empty_space][vc_custom_heading text=&#8221;Financing&#8221; font_container=&#8221;tag:h1|text_align:center|color:%23112c3f&#8221;][vc_empty_space height=&#8221;90px&#8221;][\/vc_column][\/vc_row][vc_row][vc_column][vc_empty_space][vc_custom_heading text=&#8221;Your next major purchase just became more affordable.&#8221; font_container=&#8221;tag:h1|text_align:center|color:%23112c3f&#8221;][vc_custom_heading text=&#8221;\u00c9mile Leli\u00e8vre Ferblantier Couvreur Inc. invites you to apply for a Financeit payment plan.&#8221; font_container=&#8221;tag:h2|text_align:center|color:%2309a6d5&#8243;][vc_empty_space][\/vc_column][\/vc_row][vc_row][vc_column][vc_single_image image=&#8221;76211&#8243; img_size=&#8221;full&#8221; alignment=&#8221;center&#8221; onclick=&#8221;custom_link&#8221; img_link_target=&#8221;_blank&#8221; link=&#8221;https:\/\/www.financeit.ca\/s\/i-dMlw&#8221;][vc_empty_space height=&#8221;25px&#8221;][vc_custom_heading text=&#8221;It takes just a few seconds to check if you\u2019re eligible. No obligation, no commitment! &#8221; font_container=&#8221;tag:h3|text_align:center|color:%23112c3f&#8221;][vc_empty_space [&hellip;]<\/p>\n","protected":false},"author":1,"featured_media":0,"parent":0,"menu_order":0,"comment_status":"closed","ping_status":"open","template":"","meta":{"_mi_skip_tracking":false,"footnotes":""},"class_list":["post-76173","page","type-page","status-publish","hentry"],"yoast_head":"<!-- This site is optimized with the Yoast SEO plugin v27.4 - https:\/\/yoast.com\/product\/yoast-seo-wordpress\/ -->\n<title>Financing Desjardins - Financeit \u00c9mile Leli\u00e8vre Ferblantier Couvreur<\/title>\n<meta name=\"description\" content=\"Your next major purchase just became more affordable.\u00c9mile Leli\u00e8vre Ferblantier Couvreur Inc. invites you to apply for a Financeit or a Accord D financing for a fast and flexible payment plan. It takes just a few seconds to check if you\u2019re eligible. No obligation, no commitment! Contact us for affordable financing.\" \/>\n<meta name=\"robots\" content=\"index, follow, max-snippet:-1, max-image-preview:large, max-video-preview:-1\" \/>\n<link rel=\"canonical\" href=\"https:\/\/couvreuremilelelievre.ca\/en\/financing\/\" \/>\n<meta property=\"og:locale\" content=\"en_US\" \/>\n<meta property=\"og:type\" content=\"article\" \/>\n<meta property=\"og:title\" content=\"Financing Desjardins - Financeit \u00c9mile Leli\u00e8vre Ferblantier Couvreur\" \/>\n<meta property=\"og:description\" content=\"Your next major purchase just became more affordable.\u00c9mile Leli\u00e8vre Ferblantier Couvreur Inc. invites you to apply for a Financeit or a Accord D financing for a fast and flexible payment plan. It takes just a few seconds to check if you\u2019re eligible. No obligation, no commitment! Contact us for affordable financing.\" \/>\n<meta property=\"og:url\" content=\"https:\/\/couvreuremilelelievre.ca\/en\/financing\/\" \/>\n<meta property=\"og:site_name\" content=\"couvreuremilelelievre\" \/>\n<meta property=\"article:publisher\" content=\"https:\/\/www.facebook.com\/couvreuremilelelievre\/\" \/>\n<meta property=\"article:modified_time\" content=\"2021-04-15T19:07:17+00:00\" \/>\n<meta property=\"og:image\" content=\"https:\/\/couvreuremilelelievre.ca\/wp-content\/uploads\/2018\/02\/Logo-ELFC_2017.png\" \/>\n\t<meta property=\"og:image:width\" content=\"1001\" \/>\n\t<meta property=\"og:image:height\" content=\"292\" \/>\n\t<meta property=\"og:image:type\" content=\"image\/png\" \/>\n<meta name=\"twitter:card\" content=\"summary_large_image\" \/>\n<meta name=\"twitter:label1\" content=\"Est. reading time\" \/>\n\t<meta name=\"twitter:data1\" content=\"1 minute\" \/>\n<script type=\"application\/ld+json\" class=\"yoast-schema-graph\">{\"@context\":\"https:\\\/\\\/schema.org\",\"@graph\":[{\"@type\":\"WebPage\",\"@id\":\"https:\\\/\\\/couvreuremilelelievre.ca\\\/en\\\/financing\\\/\",\"url\":\"https:\\\/\\\/couvreuremilelelievre.ca\\\/en\\\/financing\\\/\",\"name\":\"Financing Desjardins - Financeit \u00c9mile Leli\u00e8vre Ferblantier Couvreur\",\"isPartOf\":{\"@id\":\"https:\\\/\\\/couvreuremilelelievre.ca\\\/#website\"},\"datePublished\":\"2018-04-03T18:17:01+00:00\",\"dateModified\":\"2021-04-15T19:07:17+00:00\",\"description\":\"Your next major purchase just became more affordable.\u00c9mile Leli\u00e8vre Ferblantier Couvreur Inc. invites you to apply for a Financeit or a Accord D financing for a fast and flexible payment plan. It takes just a few seconds to check if you\u2019re eligible. No obligation, no commitment! Contact us for affordable financing.\",\"breadcrumb\":{\"@id\":\"https:\\\/\\\/couvreuremilelelievre.ca\\\/en\\\/financing\\\/#breadcrumb\"},\"inLanguage\":\"en-US\",\"potentialAction\":[{\"@type\":\"ReadAction\",\"target\":[\"https:\\\/\\\/couvreuremilelelievre.ca\\\/en\\\/financing\\\/\"]}]},{\"@type\":\"BreadcrumbList\",\"@id\":\"https:\\\/\\\/couvreuremilelelievre.ca\\\/en\\\/financing\\\/#breadcrumb\",\"itemListElement\":[{\"@type\":\"ListItem\",\"position\":1,\"name\":\"Home\",\"item\":\"https:\\\/\\\/couvreuremilelelievre.ca\\\/en\\\/accueil\\\/\"},{\"@type\":\"ListItem\",\"position\":2,\"name\":\"Financing\"}]},{\"@type\":\"WebSite\",\"@id\":\"https:\\\/\\\/couvreuremilelelievre.ca\\\/#website\",\"url\":\"https:\\\/\\\/couvreuremilelelievre.ca\\\/\",\"name\":\"couvreuremilelelievre\",\"description\":\"Emile Leli\u00e8vre - Services toitures r\u00e9sidentielles et commerciales\",\"publisher\":{\"@id\":\"https:\\\/\\\/couvreuremilelelievre.ca\\\/#organization\"},\"potentialAction\":[{\"@type\":\"SearchAction\",\"target\":{\"@type\":\"EntryPoint\",\"urlTemplate\":\"https:\\\/\\\/couvreuremilelelievre.ca\\\/?s={search_term_string}\"},\"query-input\":{\"@type\":\"PropertyValueSpecification\",\"valueRequired\":true,\"valueName\":\"search_term_string\"}}],\"inLanguage\":\"en-US\"},{\"@type\":\"Organization\",\"@id\":\"https:\\\/\\\/couvreuremilelelievre.ca\\\/#organization\",\"name\":\"Emile Leli\u00e8vre Ferblantier Couvreur\",\"url\":\"https:\\\/\\\/couvreuremilelelievre.ca\\\/\",\"logo\":{\"@type\":\"ImageObject\",\"inLanguage\":\"en-US\",\"@id\":\"https:\\\/\\\/couvreuremilelelievre.ca\\\/#\\\/schema\\\/logo\\\/image\\\/\",\"url\":\"https:\\\/\\\/couvreuremilelelievre.ca\\\/wp-content\\\/uploads\\\/2018\\\/01\\\/Logo.png\",\"contentUrl\":\"https:\\\/\\\/couvreuremilelelievre.ca\\\/wp-content\\\/uploads\\\/2018\\\/01\\\/Logo.png\",\"width\":300,\"height\":300,\"caption\":\"Emile Leli\u00e8vre Ferblantier Couvreur\"},\"image\":{\"@id\":\"https:\\\/\\\/couvreuremilelelievre.ca\\\/#\\\/schema\\\/logo\\\/image\\\/\"},\"sameAs\":[\"https:\\\/\\\/www.facebook.com\\\/couvreuremilelelievre\\\/\",\"https:\\\/\\\/www.linkedin.com\\\/company\\\/11247181\\\/\"]}]}<\/script>\n<!-- \/ Yoast SEO plugin. -->","yoast_head_json":{"title":"Financing Desjardins - Financeit \u00c9mile Leli\u00e8vre Ferblantier Couvreur","description":"Your next major purchase just became more affordable.\u00c9mile Leli\u00e8vre Ferblantier Couvreur Inc. invites you to apply for a Financeit or a Accord D financing for a fast and flexible payment plan. It takes just a few seconds to check if you\u2019re eligible. No obligation, no commitment! Contact us for affordable financing.","robots":{"index":"index","follow":"follow","max-snippet":"max-snippet:-1","max-image-preview":"max-image-preview:large","max-video-preview":"max-video-preview:-1"},"canonical":"https:\/\/couvreuremilelelievre.ca\/en\/financing\/","og_locale":"en_US","og_type":"article","og_title":"Financing Desjardins - Financeit \u00c9mile Leli\u00e8vre Ferblantier Couvreur","og_description":"Your next major purchase just became more affordable.\u00c9mile Leli\u00e8vre Ferblantier Couvreur Inc. invites you to apply for a Financeit or a Accord D financing for a fast and flexible payment plan. It takes just a few seconds to check if you\u2019re eligible. No obligation, no commitment! Contact us for affordable financing.","og_url":"https:\/\/couvreuremilelelievre.ca\/en\/financing\/","og_site_name":"couvreuremilelelievre","article_publisher":"https:\/\/www.facebook.com\/couvreuremilelelievre\/","article_modified_time":"2021-04-15T19:07:17+00:00","og_image":[{"width":1001,"height":292,"url":"https:\/\/couvreuremilelelievre.ca\/wp-content\/uploads\/2018\/02\/Logo-ELFC_2017.png","type":"image\/png"}],"twitter_card":"summary_large_image","twitter_misc":{"Est. reading time":"1 minute"},"schema":{"@context":"https:\/\/schema.org","@graph":[{"@type":"WebPage","@id":"https:\/\/couvreuremilelelievre.ca\/en\/financing\/","url":"https:\/\/couvreuremilelelievre.ca\/en\/financing\/","name":"Financing Desjardins - Financeit \u00c9mile Leli\u00e8vre Ferblantier Couvreur","isPartOf":{"@id":"https:\/\/couvreuremilelelievre.ca\/#website"},"datePublished":"2018-04-03T18:17:01+00:00","dateModified":"2021-04-15T19:07:17+00:00","description":"Your next major purchase just became more affordable.\u00c9mile Leli\u00e8vre Ferblantier Couvreur Inc. invites you to apply for a Financeit or a Accord D financing for a fast and flexible payment plan. It takes just a few seconds to check if you\u2019re eligible. No obligation, no commitment! Contact us for affordable financing.","breadcrumb":{"@id":"https:\/\/couvreuremilelelievre.ca\/en\/financing\/#breadcrumb"},"inLanguage":"en-US","potentialAction":[{"@type":"ReadAction","target":["https:\/\/couvreuremilelelievre.ca\/en\/financing\/"]}]},{"@type":"BreadcrumbList","@id":"https:\/\/couvreuremilelelievre.ca\/en\/financing\/#breadcrumb","itemListElement":[{"@type":"ListItem","position":1,"name":"Home","item":"https:\/\/couvreuremilelelievre.ca\/en\/accueil\/"},{"@type":"ListItem","position":2,"name":"Financing"}]},{"@type":"WebSite","@id":"https:\/\/couvreuremilelelievre.ca\/#website","url":"https:\/\/couvreuremilelelievre.ca\/","name":"couvreuremilelelievre","description":"Emile Leli\u00e8vre - Services toitures r\u00e9sidentielles et commerciales","publisher":{"@id":"https:\/\/couvreuremilelelievre.ca\/#organization"},"potentialAction":[{"@type":"SearchAction","target":{"@type":"EntryPoint","urlTemplate":"https:\/\/couvreuremilelelievre.ca\/?s={search_term_string}"},"query-input":{"@type":"PropertyValueSpecification","valueRequired":true,"valueName":"search_term_string"}}],"inLanguage":"en-US"},{"@type":"Organization","@id":"https:\/\/couvreuremilelelievre.ca\/#organization","name":"Emile Leli\u00e8vre Ferblantier Couvreur","url":"https:\/\/couvreuremilelelievre.ca\/","logo":{"@type":"ImageObject","inLanguage":"en-US","@id":"https:\/\/couvreuremilelelievre.ca\/#\/schema\/logo\/image\/","url":"https:\/\/couvreuremilelelievre.ca\/wp-content\/uploads\/2018\/01\/Logo.png","contentUrl":"https:\/\/couvreuremilelelievre.ca\/wp-content\/uploads\/2018\/01\/Logo.png","width":300,"height":300,"caption":"Emile Leli\u00e8vre Ferblantier Couvreur"},"image":{"@id":"https:\/\/couvreuremilelelievre.ca\/#\/schema\/logo\/image\/"},"sameAs":["https:\/\/www.facebook.com\/couvreuremilelelievre\/","https:\/\/www.linkedin.com\/company\/11247181\/"]}]}},"_links":{"self":[{"href":"https:\/\/couvreuremilelelievre.ca\/en\/wp-json\/wp\/v2\/pages\/76173\/"}],"collection":[{"href":"https:\/\/couvreuremilelelievre.ca\/en\/wp-json\/wp\/v2\/pages\/"}],"about":[{"href":"https:\/\/couvreuremilelelievre.ca\/en\/wp-json\/wp\/v2\/types\/page\/"}],"author":[{"embeddable":true,"href":"https:\/\/couvreuremilelelievre.ca\/en\/wp-json\/wp\/v2\/users\/1\/"}],"replies":[{"embeddable":true,"href":"https:\/\/couvreuremilelelievre.ca\/en\/wp-json\/wp\/v2\/comments\/?post=76173"}],"version-history":[{"count":7,"href":"https:\/\/couvreuremilelelievre.ca\/en\/wp-json\/wp\/v2\/pages\/76173\/revisions\/"}],"predecessor-version":[{"id":78009,"href":"https:\/\/couvreuremilelelievre.ca\/en\/wp-json\/wp\/v2\/pages\/76173\/revisions\/78009\/"}],"wp:attachment":[{"href":"https:\/\/couvreuremilelelievre.ca\/en\/wp-json\/wp\/v2\/media\/?parent=76173"}],"curies":[{"name":"wp","href":"https:\/\/api.w.org\/{rel}","templated":true}]}}