{"id":77084,"date":"2019-04-02T20:39:26","date_gmt":"2019-04-02T20:39:26","guid":{"rendered":"https:\/\/couvreuremilelelievre.ca\/?page_id=77084"},"modified":"2021-01-07T04:04:37","modified_gmt":"2021-01-07T04:04:37","slug":"single-ply-membrane-roof-tpo-2","status":"publish","type":"page","link":"https:\/\/couvreuremilelelievre.ca\/en\/single-ply-membrane-roof-tpo-2\/","title":{"rendered":"Single-ply membrane roof covering &#8211; TPO"},"content":{"rendered":"<p>[vc_row][vc_column][vc_empty_space height=&#8221;90px&#8221;][vc_custom_heading text=&#8221;Toit avec membrane monocouche (TPO)&#8221; font_container=&#8221;tag:h1|text_align:center|color:%23112c3f&#8221;][vc_empty_space height=&#8221;90px&#8221;][\/vc_column][\/vc_row][vc_row][vc_column][vc_column_text]<strong>La membrane Firestone Ultraply TPO est une membrane thermoplastique polyol\u00e9fine compos\u00e9e de caoutchouc non vulcanis\u00e9 \u00e9thyl\u00e8ne propyl\u00e8ne dans une structure de polypropyl\u00e8ne. La membrane renforc\u00e9e associe la durabilit\u00e9 d\u2019un \u00e9lastom\u00e8re et la soudabilit\u00e9 d\u2019un plastom\u00e8re <span class=\"TextRun BCX0 SCXW94772940\" lang=\"FR-FR\" xml:lang=\"FR-FR\" data-contrast=\"auto\"><span class=\"NormalTextRun BCX0 SCXW94772940\">qui est id\u00e9al pour le climat de Montr\u00e9al<\/span><\/span>.<\/strong>[\/vc_column_text][\/vc_column][\/vc_row][vc_row][vc_column][vc_empty_space][vc_single_image image=&#8221;76588&#8243; img_size=&#8221;full&#8221; alignment=&#8221;center&#8221;][\/vc_column][\/vc_row][vc_row css=&#8221;.vc_custom_1554231877120{margin-top: 60px !important;margin-bottom: 60px !important;padding-top: 20px !important;padding-bottom: 20px !important;background-color: #1c273d !important;}&#8221;][vc_column width=&#8221;2\/3&#8243;][vc_custom_heading text=&#8221;Expert en toiture depuis 100 ans&#8221; font_container=&#8221;tag:h3|font_size:22px|text_align:left|color:%23ffffff|line_height:50px&#8221; use_theme_fonts=&#8221;yes&#8221;][\/vc_column][vc_column width=&#8221;1\/3&#8243;][vc_btn title=&#8221;Demandez une soumission&#8221; shape=&#8221;round&#8221; color=&#8221;peacoc&#8221; size=&#8221;lg&#8221; align=&#8221;right&#8221; i_icon_fontawesome=&#8221;fa fa-sign-out&#8221; add_icon=&#8221;true&#8221; link=&#8221;url:https%3A%2F%2Fwww.couvreuremilelelievre.ca%2Fen%2Fcontact%2F|&#8221;][\/vc_column][\/vc_row]<\/p>\n","protected":false},"excerpt":{"rendered":"<p>[vc_row][vc_column][vc_empty_space height=&#8221;90px&#8221;][vc_custom_heading text=&#8221;Toit avec membrane monocouche (TPO)&#8221; font_container=&#8221;tag:h1|text_align:center|color:%23112c3f&#8221;][vc_empty_space height=&#8221;90px&#8221;][\/vc_column][\/vc_row][vc_row][vc_column][vc_column_text]La membrane Firestone Ultraply TPO est une membrane thermoplastique polyol\u00e9fine compos\u00e9e de caoutchouc non vulcanis\u00e9 \u00e9thyl\u00e8ne propyl\u00e8ne dans une structure de polypropyl\u00e8ne. La membrane renforc\u00e9e associe la durabilit\u00e9 d\u2019un \u00e9lastom\u00e8re et la soudabilit\u00e9 d\u2019un plastom\u00e8re qui est id\u00e9al pour le climat de Montr\u00e9al.[\/vc_column_text][\/vc_column][\/vc_row][vc_row][vc_column][vc_empty_space][vc_single_image image=&#8221;76588&#8243; img_size=&#8221;full&#8221; alignment=&#8221;center&#8221;][\/vc_column][\/vc_row][vc_row css=&#8221;.vc_custom_1554231877120{margin-top: [&hellip;]<\/p>\n","protected":false},"author":1,"featured_media":77739,"parent":0,"menu_order":0,"comment_status":"closed","ping_status":"closed","template":"","meta":{"_mi_skip_tracking":false,"footnotes":""},"class_list":["post-77084","page","type-page","status-publish","has-post-thumbnail","hentry"],"yoast_head":"<!-- This site is optimized with the Yoast SEO plugin v27.4 - https:\/\/yoast.com\/product\/yoast-seo-wordpress\/ -->\n<title>Single-ply membrane roof covering - TPO | Montreal Roofing services<\/title>\n<meta name=\"robots\" content=\"index, follow, max-snippet:-1, max-image-preview:large, max-video-preview:-1\" \/>\n<link rel=\"canonical\" href=\"https:\/\/couvreuremilelelievre.ca\/en\/single-ply-membrane-roof-tpo-2\/\" \/>\n<meta property=\"og:locale\" content=\"en_US\" \/>\n<meta property=\"og:type\" content=\"article\" \/>\n<meta property=\"og:title\" content=\"Single-ply membrane roof covering - TPO | Montreal Roofing services\" \/>\n<meta property=\"og:description\" content=\"[vc_row][vc_column][vc_empty_space height=&#8221;90px&#8221;][vc_custom_heading text=&#8221;Toit avec membrane monocouche (TPO)&#8221; font_container=&#8221;tag:h1|text_align:center|color:%23112c3f&#8221;][vc_empty_space height=&#8221;90px&#8221;][\/vc_column][\/vc_row][vc_row][vc_column][vc_column_text]La membrane Firestone Ultraply TPO est une membrane thermoplastique polyol\u00e9fine compos\u00e9e de caoutchouc non vulcanis\u00e9 \u00e9thyl\u00e8ne propyl\u00e8ne dans une structure de polypropyl\u00e8ne. La membrane renforc\u00e9e associe la durabilit\u00e9 d\u2019un \u00e9lastom\u00e8re et la soudabilit\u00e9 d\u2019un plastom\u00e8re qui est id\u00e9al pour le climat de Montr\u00e9al.[\/vc_column_text][\/vc_column][\/vc_row][vc_row][vc_column][vc_empty_space][vc_single_image image=&#8221;76588&#8243; img_size=&#8221;full&#8221; alignment=&#8221;center&#8221;][\/vc_column][\/vc_row][vc_row css=&#8221;.vc_custom_1554231877120{margin-top: [&hellip;]\" \/>\n<meta property=\"og:url\" content=\"https:\/\/couvreuremilelelievre.ca\/en\/single-ply-membrane-roof-tpo-2\/\" \/>\n<meta property=\"og:site_name\" content=\"couvreuremilelelievre\" \/>\n<meta property=\"article:publisher\" content=\"https:\/\/www.facebook.com\/couvreuremilelelievre\/\" \/>\n<meta property=\"article:modified_time\" content=\"2021-01-07T04:04:37+00:00\" \/>\n<meta property=\"og:image\" content=\"https:\/\/couvreuremilelelievre.ca\/wp-content\/uploads\/2019\/12\/slide5-1_opti.jpg\" \/>\n\t<meta property=\"og:image:width\" content=\"1024\" \/>\n\t<meta property=\"og:image:height\" content=\"576\" \/>\n\t<meta property=\"og:image:type\" content=\"image\/jpeg\" \/>\n<meta name=\"twitter:card\" content=\"summary_large_image\" \/>\n<meta name=\"twitter:label1\" content=\"Est. reading time\" \/>\n\t<meta name=\"twitter:data1\" content=\"1 minute\" \/>\n<script type=\"application\/ld+json\" class=\"yoast-schema-graph\">{\"@context\":\"https:\\\/\\\/schema.org\",\"@graph\":[{\"@type\":\"WebPage\",\"@id\":\"https:\\\/\\\/couvreuremilelelievre.ca\\\/en\\\/single-ply-membrane-roof-tpo-2\\\/\",\"url\":\"https:\\\/\\\/couvreuremilelelievre.ca\\\/en\\\/single-ply-membrane-roof-tpo-2\\\/\",\"name\":\"Single-ply membrane roof covering - TPO | Montreal Roofing services\",\"isPartOf\":{\"@id\":\"https:\\\/\\\/couvreuremilelelievre.ca\\\/#website\"},\"primaryImageOfPage\":{\"@id\":\"https:\\\/\\\/couvreuremilelelievre.ca\\\/en\\\/single-ply-membrane-roof-tpo-2\\\/#primaryimage\"},\"image\":{\"@id\":\"https:\\\/\\\/couvreuremilelelievre.ca\\\/en\\\/single-ply-membrane-roof-tpo-2\\\/#primaryimage\"},\"thumbnailUrl\":\"https:\\\/\\\/couvreuremilelelievre.ca\\\/wp-content\\\/uploads\\\/2019\\\/12\\\/slide5-1_opti.jpg\",\"datePublished\":\"2019-04-02T20:39:26+00:00\",\"dateModified\":\"2021-01-07T04:04:37+00:00\",\"breadcrumb\":{\"@id\":\"https:\\\/\\\/couvreuremilelelievre.ca\\\/en\\\/single-ply-membrane-roof-tpo-2\\\/#breadcrumb\"},\"inLanguage\":\"en-US\",\"potentialAction\":[{\"@type\":\"ReadAction\",\"target\":[\"https:\\\/\\\/couvreuremilelelievre.ca\\\/en\\\/single-ply-membrane-roof-tpo-2\\\/\"]}]},{\"@type\":\"ImageObject\",\"inLanguage\":\"en-US\",\"@id\":\"https:\\\/\\\/couvreuremilelelievre.ca\\\/en\\\/single-ply-membrane-roof-tpo-2\\\/#primaryimage\",\"url\":\"https:\\\/\\\/couvreuremilelelievre.ca\\\/wp-content\\\/uploads\\\/2019\\\/12\\\/slide5-1_opti.jpg\",\"contentUrl\":\"https:\\\/\\\/couvreuremilelelievre.ca\\\/wp-content\\\/uploads\\\/2019\\\/12\\\/slide5-1_opti.jpg\",\"width\":1024,\"height\":576},{\"@type\":\"BreadcrumbList\",\"@id\":\"https:\\\/\\\/couvreuremilelelievre.ca\\\/en\\\/single-ply-membrane-roof-tpo-2\\\/#breadcrumb\",\"itemListElement\":[{\"@type\":\"ListItem\",\"position\":1,\"name\":\"Home\",\"item\":\"https:\\\/\\\/couvreuremilelelievre.ca\\\/en\\\/accueil\\\/\"},{\"@type\":\"ListItem\",\"position\":2,\"name\":\"Single-ply membrane roof covering &#8211; TPO\"}]},{\"@type\":\"WebSite\",\"@id\":\"https:\\\/\\\/couvreuremilelelievre.ca\\\/#website\",\"url\":\"https:\\\/\\\/couvreuremilelelievre.ca\\\/\",\"name\":\"couvreuremilelelievre\",\"description\":\"Emile Leli\u00e8vre - Services toitures r\u00e9sidentielles et commerciales\",\"publisher\":{\"@id\":\"https:\\\/\\\/couvreuremilelelievre.ca\\\/#organization\"},\"potentialAction\":[{\"@type\":\"SearchAction\",\"target\":{\"@type\":\"EntryPoint\",\"urlTemplate\":\"https:\\\/\\\/couvreuremilelelievre.ca\\\/?s={search_term_string}\"},\"query-input\":{\"@type\":\"PropertyValueSpecification\",\"valueRequired\":true,\"valueName\":\"search_term_string\"}}],\"inLanguage\":\"en-US\"},{\"@type\":\"Organization\",\"@id\":\"https:\\\/\\\/couvreuremilelelievre.ca\\\/#organization\",\"name\":\"Emile Leli\u00e8vre Ferblantier Couvreur\",\"url\":\"https:\\\/\\\/couvreuremilelelievre.ca\\\/\",\"logo\":{\"@type\":\"ImageObject\",\"inLanguage\":\"en-US\",\"@id\":\"https:\\\/\\\/couvreuremilelelievre.ca\\\/#\\\/schema\\\/logo\\\/image\\\/\",\"url\":\"https:\\\/\\\/couvreuremilelelievre.ca\\\/wp-content\\\/uploads\\\/2018\\\/01\\\/Logo.png\",\"contentUrl\":\"https:\\\/\\\/couvreuremilelelievre.ca\\\/wp-content\\\/uploads\\\/2018\\\/01\\\/Logo.png\",\"width\":300,\"height\":300,\"caption\":\"Emile Leli\u00e8vre Ferblantier Couvreur\"},\"image\":{\"@id\":\"https:\\\/\\\/couvreuremilelelievre.ca\\\/#\\\/schema\\\/logo\\\/image\\\/\"},\"sameAs\":[\"https:\\\/\\\/www.facebook.com\\\/couvreuremilelelievre\\\/\",\"https:\\\/\\\/www.linkedin.com\\\/company\\\/11247181\\\/\"]}]}<\/script>\n<!-- \/ Yoast SEO plugin. -->","yoast_head_json":{"title":"Single-ply membrane roof covering - TPO | Montreal Roofing services","robots":{"index":"index","follow":"follow","max-snippet":"max-snippet:-1","max-image-preview":"max-image-preview:large","max-video-preview":"max-video-preview:-1"},"canonical":"https:\/\/couvreuremilelelievre.ca\/en\/single-ply-membrane-roof-tpo-2\/","og_locale":"en_US","og_type":"article","og_title":"Single-ply membrane roof covering - TPO | Montreal Roofing services","og_description":"[vc_row][vc_column][vc_empty_space height=&#8221;90px&#8221;][vc_custom_heading text=&#8221;Toit avec membrane monocouche (TPO)&#8221; font_container=&#8221;tag:h1|text_align:center|color:%23112c3f&#8221;][vc_empty_space height=&#8221;90px&#8221;][\/vc_column][\/vc_row][vc_row][vc_column][vc_column_text]La membrane Firestone Ultraply TPO est une membrane thermoplastique polyol\u00e9fine compos\u00e9e de caoutchouc non vulcanis\u00e9 \u00e9thyl\u00e8ne propyl\u00e8ne dans une structure de polypropyl\u00e8ne. La membrane renforc\u00e9e associe la durabilit\u00e9 d\u2019un \u00e9lastom\u00e8re et la soudabilit\u00e9 d\u2019un plastom\u00e8re qui est id\u00e9al pour le climat de Montr\u00e9al.[\/vc_column_text][\/vc_column][\/vc_row][vc_row][vc_column][vc_empty_space][vc_single_image image=&#8221;76588&#8243; img_size=&#8221;full&#8221; alignment=&#8221;center&#8221;][\/vc_column][\/vc_row][vc_row css=&#8221;.vc_custom_1554231877120{margin-top: [&hellip;]","og_url":"https:\/\/couvreuremilelelievre.ca\/en\/single-ply-membrane-roof-tpo-2\/","og_site_name":"couvreuremilelelievre","article_publisher":"https:\/\/www.facebook.com\/couvreuremilelelievre\/","article_modified_time":"2021-01-07T04:04:37+00:00","og_image":[{"width":1024,"height":576,"url":"https:\/\/couvreuremilelelievre.ca\/wp-content\/uploads\/2019\/12\/slide5-1_opti.jpg","type":"image\/jpeg"}],"twitter_card":"summary_large_image","twitter_misc":{"Est. reading time":"1 minute"},"schema":{"@context":"https:\/\/schema.org","@graph":[{"@type":"WebPage","@id":"https:\/\/couvreuremilelelievre.ca\/en\/single-ply-membrane-roof-tpo-2\/","url":"https:\/\/couvreuremilelelievre.ca\/en\/single-ply-membrane-roof-tpo-2\/","name":"Single-ply membrane roof covering - TPO | Montreal Roofing services","isPartOf":{"@id":"https:\/\/couvreuremilelelievre.ca\/#website"},"primaryImageOfPage":{"@id":"https:\/\/couvreuremilelelievre.ca\/en\/single-ply-membrane-roof-tpo-2\/#primaryimage"},"image":{"@id":"https:\/\/couvreuremilelelievre.ca\/en\/single-ply-membrane-roof-tpo-2\/#primaryimage"},"thumbnailUrl":"https:\/\/couvreuremilelelievre.ca\/wp-content\/uploads\/2019\/12\/slide5-1_opti.jpg","datePublished":"2019-04-02T20:39:26+00:00","dateModified":"2021-01-07T04:04:37+00:00","breadcrumb":{"@id":"https:\/\/couvreuremilelelievre.ca\/en\/single-ply-membrane-roof-tpo-2\/#breadcrumb"},"inLanguage":"en-US","potentialAction":[{"@type":"ReadAction","target":["https:\/\/couvreuremilelelievre.ca\/en\/single-ply-membrane-roof-tpo-2\/"]}]},{"@type":"ImageObject","inLanguage":"en-US","@id":"https:\/\/couvreuremilelelievre.ca\/en\/single-ply-membrane-roof-tpo-2\/#primaryimage","url":"https:\/\/couvreuremilelelievre.ca\/wp-content\/uploads\/2019\/12\/slide5-1_opti.jpg","contentUrl":"https:\/\/couvreuremilelelievre.ca\/wp-content\/uploads\/2019\/12\/slide5-1_opti.jpg","width":1024,"height":576},{"@type":"BreadcrumbList","@id":"https:\/\/couvreuremilelelievre.ca\/en\/single-ply-membrane-roof-tpo-2\/#breadcrumb","itemListElement":[{"@type":"ListItem","position":1,"name":"Home","item":"https:\/\/couvreuremilelelievre.ca\/en\/accueil\/"},{"@type":"ListItem","position":2,"name":"Single-ply membrane roof covering &#8211; TPO"}]},{"@type":"WebSite","@id":"https:\/\/couvreuremilelelievre.ca\/#website","url":"https:\/\/couvreuremilelelievre.ca\/","name":"couvreuremilelelievre","description":"Emile Leli\u00e8vre - Services toitures r\u00e9sidentielles et commerciales","publisher":{"@id":"https:\/\/couvreuremilelelievre.ca\/#organization"},"potentialAction":[{"@type":"SearchAction","target":{"@type":"EntryPoint","urlTemplate":"https:\/\/couvreuremilelelievre.ca\/?s={search_term_string}"},"query-input":{"@type":"PropertyValueSpecification","valueRequired":true,"valueName":"search_term_string"}}],"inLanguage":"en-US"},{"@type":"Organization","@id":"https:\/\/couvreuremilelelievre.ca\/#organization","name":"Emile Leli\u00e8vre Ferblantier Couvreur","url":"https:\/\/couvreuremilelelievre.ca\/","logo":{"@type":"ImageObject","inLanguage":"en-US","@id":"https:\/\/couvreuremilelelievre.ca\/#\/schema\/logo\/image\/","url":"https:\/\/couvreuremilelelievre.ca\/wp-content\/uploads\/2018\/01\/Logo.png","contentUrl":"https:\/\/couvreuremilelelievre.ca\/wp-content\/uploads\/2018\/01\/Logo.png","width":300,"height":300,"caption":"Emile Leli\u00e8vre Ferblantier Couvreur"},"image":{"@id":"https:\/\/couvreuremilelelievre.ca\/#\/schema\/logo\/image\/"},"sameAs":["https:\/\/www.facebook.com\/couvreuremilelelievre\/","https:\/\/www.linkedin.com\/company\/11247181\/"]}]}},"_links":{"self":[{"href":"https:\/\/couvreuremilelelievre.ca\/en\/wp-json\/wp\/v2\/pages\/77084\/"}],"collection":[{"href":"https:\/\/couvreuremilelelievre.ca\/en\/wp-json\/wp\/v2\/pages\/"}],"about":[{"href":"https:\/\/couvreuremilelelievre.ca\/en\/wp-json\/wp\/v2\/types\/page\/"}],"author":[{"embeddable":true,"href":"https:\/\/couvreuremilelelievre.ca\/en\/wp-json\/wp\/v2\/users\/1\/"}],"replies":[{"embeddable":true,"href":"https:\/\/couvreuremilelelievre.ca\/en\/wp-json\/wp\/v2\/comments\/?post=77084"}],"version-history":[{"count":9,"href":"https:\/\/couvreuremilelelievre.ca\/en\/wp-json\/wp\/v2\/pages\/77084\/revisions\/"}],"predecessor-version":[{"id":77889,"href":"https:\/\/couvreuremilelelievre.ca\/en\/wp-json\/wp\/v2\/pages\/77084\/revisions\/77889\/"}],"wp:featuredmedia":[{"embeddable":true,"href":"https:\/\/couvreuremilelelievre.ca\/en\/wp-json\/wp\/v2\/media\/77739\/"}],"wp:attachment":[{"href":"https:\/\/couvreuremilelelievre.ca\/en\/wp-json\/wp\/v2\/media\/?parent=77084"}],"curies":[{"name":"wp","href":"https:\/\/api.w.org\/{rel}","templated":true}]}}