{"id":78387,"date":"2026-02-24T09:50:53","date_gmt":"2026-02-24T09:50:53","guid":{"rendered":"https:\/\/couvreuremilelelievre.ca\/realisations\/corniches-et-ornements-decoratifs-toiture-montreal\/"},"modified":"2026-02-24T10:21:10","modified_gmt":"2026-02-24T10:21:10","slug":"corniches-et-ornements-decoratifs-toiture-montreal","status":"publish","type":"page","link":"https:\/\/couvreuremilelelievre.ca\/en\/realisations\/corniches-et-ornements-decoratifs-toiture-montreal\/","title":{"rendered":"Cornices and Decorative Roof Ornaments in Montreal"},"content":{"rendered":"<p>[vc_row][vc_column][vc_empty_space height=&#8221;50px&#8221;][vc_custom_heading text=&#8221;Cornices and Decorative Roof Ornaments in Montreal &#8221; font_container=&#8221;tag:h1|text_align:center|color:%23000000&#8243;][vc_empty_space height=&#8221;50px&#8221;][\/vc_column][\/vc_row][vc_row][vc_column][vc_column_text]Cornices and decorative ornaments are an integral part of a building\u2019s envelope and contribute both to its appearance and to the protection of the fa\u00e7ade. In Montreal, these elements must be kept in good condition, particularly due to municipal requirements related to fa\u00e7ade safety.<\/p>\n<p><b>Couvreur \u00c9mile Leli\u00e8vre<\/b> offers services for the <b>fabrication, restoration, and installation of cornices and decorative roof ornaments<\/b>. Active since 1921, we work on residential, commercial, and heritage buildings in Montreal and surrounding areas[\/vc_column_text][vc_row_inner][vc_column_inner width=&#8221;1\/2&#8243;][vc_empty_space height=&#8221;60px&#8221;][vc_column_text]<\/p>\n<h3><span style=\"color: #4b8bbf;\"><b>Scope of Services<\/b><\/span><\/h3>\n<ul>\n<li>Assessment of the condition of existing cornices<\/li>\n<li>Restoration of metal and heritage cornices<\/li>\n<li>Custom fabrication of cornices in architectural sheet meta<\/li>\n<li>Installation integrated with the roof and fa\u00e7ade elements<\/li>\n<li>Work carried out in compliance with regulatory requirements<\/li>\n<\/ul>\n<p>Our work aims to ensure the <b>durability<\/b>, <b>safety<\/b>, and <b>architectural coherence<\/b> of projecting elements, while taking into account the specific characteristics of Montreal\u2019s built environment.[\/vc_column_text][\/vc_column_inner][vc_column_inner width=&#8221;1\/2&#8243;][vc_single_image image=&#8221;78310&#8243; img_size=&#8221;full&#8221; css_animation=&#8221;fadeIn&#8221;][\/vc_column_inner][\/vc_row_inner][\/vc_column][\/vc_row][vc_row][vc_column][vc_empty_space][\/vc_column][\/vc_row][vc_row][vc_column css_animation=&#8221;fadeIn&#8221; width=&#8221;1\/2&#8243; css=&#8221;.vc_custom_1770194427944{background-color: #3f8fc4 !important;}&#8221;][vc_empty_space height=&#8221;22px&#8221;][vc_column_text]<\/p>\n<h3><span style=\"color: #ffffff;\">Learn More About Our Cornice Services in Montreal <\/span><\/h3>\n<p><span style=\"color: #ffffff;\">For any questions or to discuss a cornice or decorative roof ornament project, our team is available to provide guidance based on the nature of your building.<\/span><\/p>\n<p><span style=\"color: #ffffff;\">&#x1f449; <b>Contact Couvreur \u00c9mile Leli\u00e8vre<\/b> for more information or an evaluation of your situation.<\/span><\/p>\n<p>[\/vc_column_text][vc_btn title=&#8221;Contact us&#8221; style=&#8221;classic&#8221; color=&#8221;info&#8221; align=&#8221;center&#8221; css_animation=&#8221;none&#8221; link=&#8221;url:https%3A%2F%2Fcouvreuremilelelievre.ca%2Fen%2Fcontact%2F|title:Contact|&#8221;][vc_empty_space height=&#8221;22px&#8221;][\/vc_column][vc_column width=&#8221;1\/2&#8243;][vc_single_image image=&#8221;78321&#8243; img_size=&#8221;large&#8221; css_animation=&#8221;fadeIn&#8221;][\/vc_column][\/vc_row][vc_row][vc_column][vc_empty_space][\/vc_column][\/vc_row][vc_row][vc_column width=&#8221;1\/2&#8243;][vc_empty_space][vc_column_text]<strong>Decorative Cornice<\/strong><\/p>\n<p>A decorative cornice is an architectural element installed at the junction between a building\u2019s roof and fa\u00e7ade, whose primary function is to highlight and enhance the architecture. It contributes to the overall appearance of the building by adding lines, volumes, or decorative details, while remaining part of the building envelope.<\/p>\n<p>In Montreal, decorative cornices are common on residential, commercial, and heritage buildings and must be maintained in good condition to ensure the building\u2019s durability, safety, and architectural coherence.[\/vc_column_text][vc_empty_space][\/vc_column][vc_column width=&#8221;1\/2&#8243;][vc_single_image image=&#8221;78381&#8243; img_size=&#8221;full&#8221; css_animation=&#8221;fadeIn&#8221;][\/vc_column][\/vc_row]<\/p>\n","protected":false},"excerpt":{"rendered":"<p>[vc_row][vc_column][vc_empty_space height=&#8221;50px&#8221;][vc_custom_heading text=&#8221;Cornices and Decorative Roof Ornaments in Montreal &#8221; font_container=&#8221;tag:h1|text_align:center|color:%23000000&#8243;][vc_empty_space height=&#8221;50px&#8221;][\/vc_column][\/vc_row][vc_row][vc_column][vc_column_text]Cornices and decorative ornaments are an integral part of a building\u2019s envelope and contribute both to its appearance and to the protection of the fa\u00e7ade. In Montreal, these elements must be kept in good condition, particularly due to municipal requirements related to fa\u00e7ade safety. [&hellip;]<\/p>\n","protected":false},"author":1,"featured_media":0,"parent":76154,"menu_order":0,"comment_status":"closed","ping_status":"closed","template":"","meta":{"_mi_skip_tracking":false,"footnotes":""},"class_list":["post-78387","page","type-page","status-publish","hentry"],"yoast_head":"<!-- This site is optimized with the Yoast SEO plugin v27.5 - https:\/\/yoast.com\/product\/yoast-seo-wordpress\/ -->\n<title>Cornices and Decorative Roof Ornaments in Montreal - couvreuremilelelievre<\/title>\n<meta name=\"description\" content=\"Cornices and decorative ornaments are an integral part of a building\u2019s envelope and contribute both to its appearance and to the protection of the fa\u00e7ade. In Montreal, these elements must be kept in good condition, particularly due to municipal requirements related to fa\u00e7ade safety. Couvreur \u00c9mile Leli\u00e8vre offers services for the fabrication, restoration, and installation of cornices and decorative roof ornaments. Active since 1921, we work on residential, commercial, and heritage buildings in Montreal and surrounding areas.\" \/>\n<meta name=\"robots\" content=\"index, follow, max-snippet:-1, max-image-preview:large, max-video-preview:-1\" \/>\n<link rel=\"canonical\" href=\"https:\/\/couvreuremilelelievre.ca\/en\/realisations\/corniches-et-ornements-decoratifs-toiture-montreal\/\" \/>\n<meta property=\"og:locale\" content=\"en_US\" \/>\n<meta property=\"og:type\" content=\"article\" \/>\n<meta property=\"og:title\" content=\"Cornices and Decorative Roof Ornaments in Montreal - couvreuremilelelievre\" \/>\n<meta property=\"og:description\" content=\"Cornices and decorative ornaments are an integral part of a building\u2019s envelope and contribute both to its appearance and to the protection of the fa\u00e7ade. In Montreal, these elements must be kept in good condition, particularly due to municipal requirements related to fa\u00e7ade safety. Couvreur \u00c9mile Leli\u00e8vre offers services for the fabrication, restoration, and installation of cornices and decorative roof ornaments. Active since 1921, we work on residential, commercial, and heritage buildings in Montreal and surrounding areas.\" \/>\n<meta property=\"og:url\" content=\"https:\/\/couvreuremilelelievre.ca\/en\/realisations\/corniches-et-ornements-decoratifs-toiture-montreal\/\" \/>\n<meta property=\"og:site_name\" content=\"couvreuremilelelievre\" \/>\n<meta property=\"article:publisher\" content=\"https:\/\/www.facebook.com\/couvreuremilelelievre\/\" \/>\n<meta property=\"article:modified_time\" content=\"2026-02-24T10:21:10+00:00\" \/>\n<meta property=\"og:image\" content=\"https:\/\/couvreuremilelelievre.ca\/wp-content\/uploads\/2018\/02\/Logo-ELFC_2017.png\" \/>\n\t<meta property=\"og:image:width\" content=\"1001\" \/>\n\t<meta property=\"og:image:height\" content=\"292\" \/>\n\t<meta property=\"og:image:type\" content=\"image\/png\" \/>\n<meta name=\"twitter:card\" content=\"summary_large_image\" \/>\n<meta name=\"twitter:label1\" content=\"Est. reading time\" \/>\n\t<meta name=\"twitter:data1\" content=\"2 minutes\" \/>\n<script type=\"application\/ld+json\" class=\"yoast-schema-graph\">{\"@context\":\"https:\\\/\\\/schema.org\",\"@graph\":[{\"@type\":\"WebPage\",\"@id\":\"https:\\\/\\\/couvreuremilelelievre.ca\\\/en\\\/realisations\\\/corniches-et-ornements-decoratifs-toiture-montreal\\\/\",\"url\":\"https:\\\/\\\/couvreuremilelelievre.ca\\\/en\\\/realisations\\\/corniches-et-ornements-decoratifs-toiture-montreal\\\/\",\"name\":\"Cornices and Decorative Roof Ornaments in Montreal - couvreuremilelelievre\",\"isPartOf\":{\"@id\":\"https:\\\/\\\/couvreuremilelelievre.ca\\\/#website\"},\"datePublished\":\"2026-02-24T09:50:53+00:00\",\"dateModified\":\"2026-02-24T10:21:10+00:00\",\"description\":\"Cornices and decorative ornaments are an integral part of a building\u2019s envelope and contribute both to its appearance and to the protection of the fa\u00e7ade. In Montreal, these elements must be kept in good condition, particularly due to municipal requirements related to fa\u00e7ade safety. Couvreur \u00c9mile Leli\u00e8vre offers services for the fabrication, restoration, and installation of cornices and decorative roof ornaments. Active since 1921, we work on residential, commercial, and heritage buildings in Montreal and surrounding areas.\",\"breadcrumb\":{\"@id\":\"https:\\\/\\\/couvreuremilelelievre.ca\\\/en\\\/realisations\\\/corniches-et-ornements-decoratifs-toiture-montreal\\\/#breadcrumb\"},\"inLanguage\":\"en-US\",\"potentialAction\":[{\"@type\":\"ReadAction\",\"target\":[\"https:\\\/\\\/couvreuremilelelievre.ca\\\/en\\\/realisations\\\/corniches-et-ornements-decoratifs-toiture-montreal\\\/\"]}]},{\"@type\":\"BreadcrumbList\",\"@id\":\"https:\\\/\\\/couvreuremilelelievre.ca\\\/en\\\/realisations\\\/corniches-et-ornements-decoratifs-toiture-montreal\\\/#breadcrumb\",\"itemListElement\":[{\"@type\":\"ListItem\",\"position\":1,\"name\":\"Home\",\"item\":\"https:\\\/\\\/couvreuremilelelievre.ca\\\/en\\\/accueil\\\/\"},{\"@type\":\"ListItem\",\"position\":2,\"name\":\"Roofing realisations in Great Montreal\",\"item\":\"https:\\\/\\\/couvreuremilelelievre.ca\\\/en\\\/realisations\\\/\"},{\"@type\":\"ListItem\",\"position\":3,\"name\":\"Cornices and Decorative Roof Ornaments in Montreal\"}]},{\"@type\":\"WebSite\",\"@id\":\"https:\\\/\\\/couvreuremilelelievre.ca\\\/#website\",\"url\":\"https:\\\/\\\/couvreuremilelelievre.ca\\\/\",\"name\":\"couvreuremilelelievre\",\"description\":\"Emile Leli\u00e8vre - Services toitures r\u00e9sidentielles et commerciales\",\"publisher\":{\"@id\":\"https:\\\/\\\/couvreuremilelelievre.ca\\\/#organization\"},\"potentialAction\":[{\"@type\":\"SearchAction\",\"target\":{\"@type\":\"EntryPoint\",\"urlTemplate\":\"https:\\\/\\\/couvreuremilelelievre.ca\\\/?s={search_term_string}\"},\"query-input\":{\"@type\":\"PropertyValueSpecification\",\"valueRequired\":true,\"valueName\":\"search_term_string\"}}],\"inLanguage\":\"en-US\"},{\"@type\":\"Organization\",\"@id\":\"https:\\\/\\\/couvreuremilelelievre.ca\\\/#organization\",\"name\":\"Emile Leli\u00e8vre Ferblantier Couvreur\",\"url\":\"https:\\\/\\\/couvreuremilelelievre.ca\\\/\",\"logo\":{\"@type\":\"ImageObject\",\"inLanguage\":\"en-US\",\"@id\":\"https:\\\/\\\/couvreuremilelelievre.ca\\\/#\\\/schema\\\/logo\\\/image\\\/\",\"url\":\"https:\\\/\\\/couvreuremilelelievre.ca\\\/wp-content\\\/uploads\\\/2018\\\/01\\\/Logo.png\",\"contentUrl\":\"https:\\\/\\\/couvreuremilelelievre.ca\\\/wp-content\\\/uploads\\\/2018\\\/01\\\/Logo.png\",\"width\":300,\"height\":300,\"caption\":\"Emile Leli\u00e8vre Ferblantier Couvreur\"},\"image\":{\"@id\":\"https:\\\/\\\/couvreuremilelelievre.ca\\\/#\\\/schema\\\/logo\\\/image\\\/\"},\"sameAs\":[\"https:\\\/\\\/www.facebook.com\\\/couvreuremilelelievre\\\/\",\"https:\\\/\\\/www.linkedin.com\\\/company\\\/11247181\\\/\"]}]}<\/script>\n<!-- \/ Yoast SEO plugin. -->","yoast_head_json":{"title":"Cornices and Decorative Roof Ornaments in Montreal - couvreuremilelelievre","description":"Cornices and decorative ornaments are an integral part of a building\u2019s envelope and contribute both to its appearance and to the protection of the fa\u00e7ade. In Montreal, these elements must be kept in good condition, particularly due to municipal requirements related to fa\u00e7ade safety. Couvreur \u00c9mile Leli\u00e8vre offers services for the fabrication, restoration, and installation of cornices and decorative roof ornaments. Active since 1921, we work on residential, commercial, and heritage buildings in Montreal and surrounding areas.","robots":{"index":"index","follow":"follow","max-snippet":"max-snippet:-1","max-image-preview":"max-image-preview:large","max-video-preview":"max-video-preview:-1"},"canonical":"https:\/\/couvreuremilelelievre.ca\/en\/realisations\/corniches-et-ornements-decoratifs-toiture-montreal\/","og_locale":"en_US","og_type":"article","og_title":"Cornices and Decorative Roof Ornaments in Montreal - couvreuremilelelievre","og_description":"Cornices and decorative ornaments are an integral part of a building\u2019s envelope and contribute both to its appearance and to the protection of the fa\u00e7ade. In Montreal, these elements must be kept in good condition, particularly due to municipal requirements related to fa\u00e7ade safety. Couvreur \u00c9mile Leli\u00e8vre offers services for the fabrication, restoration, and installation of cornices and decorative roof ornaments. Active since 1921, we work on residential, commercial, and heritage buildings in Montreal and surrounding areas.","og_url":"https:\/\/couvreuremilelelievre.ca\/en\/realisations\/corniches-et-ornements-decoratifs-toiture-montreal\/","og_site_name":"couvreuremilelelievre","article_publisher":"https:\/\/www.facebook.com\/couvreuremilelelievre\/","article_modified_time":"2026-02-24T10:21:10+00:00","og_image":[{"width":1001,"height":292,"url":"https:\/\/couvreuremilelelievre.ca\/wp-content\/uploads\/2018\/02\/Logo-ELFC_2017.png","type":"image\/png"}],"twitter_card":"summary_large_image","twitter_misc":{"Est. reading time":"2 minutes"},"schema":{"@context":"https:\/\/schema.org","@graph":[{"@type":"WebPage","@id":"https:\/\/couvreuremilelelievre.ca\/en\/realisations\/corniches-et-ornements-decoratifs-toiture-montreal\/","url":"https:\/\/couvreuremilelelievre.ca\/en\/realisations\/corniches-et-ornements-decoratifs-toiture-montreal\/","name":"Cornices and Decorative Roof Ornaments in Montreal - couvreuremilelelievre","isPartOf":{"@id":"https:\/\/couvreuremilelelievre.ca\/#website"},"datePublished":"2026-02-24T09:50:53+00:00","dateModified":"2026-02-24T10:21:10+00:00","description":"Cornices and decorative ornaments are an integral part of a building\u2019s envelope and contribute both to its appearance and to the protection of the fa\u00e7ade. In Montreal, these elements must be kept in good condition, particularly due to municipal requirements related to fa\u00e7ade safety. Couvreur \u00c9mile Leli\u00e8vre offers services for the fabrication, restoration, and installation of cornices and decorative roof ornaments. Active since 1921, we work on residential, commercial, and heritage buildings in Montreal and surrounding areas.","breadcrumb":{"@id":"https:\/\/couvreuremilelelievre.ca\/en\/realisations\/corniches-et-ornements-decoratifs-toiture-montreal\/#breadcrumb"},"inLanguage":"en-US","potentialAction":[{"@type":"ReadAction","target":["https:\/\/couvreuremilelelievre.ca\/en\/realisations\/corniches-et-ornements-decoratifs-toiture-montreal\/"]}]},{"@type":"BreadcrumbList","@id":"https:\/\/couvreuremilelelievre.ca\/en\/realisations\/corniches-et-ornements-decoratifs-toiture-montreal\/#breadcrumb","itemListElement":[{"@type":"ListItem","position":1,"name":"Home","item":"https:\/\/couvreuremilelelievre.ca\/en\/accueil\/"},{"@type":"ListItem","position":2,"name":"Roofing realisations in Great Montreal","item":"https:\/\/couvreuremilelelievre.ca\/en\/realisations\/"},{"@type":"ListItem","position":3,"name":"Cornices and Decorative Roof Ornaments in Montreal"}]},{"@type":"WebSite","@id":"https:\/\/couvreuremilelelievre.ca\/#website","url":"https:\/\/couvreuremilelelievre.ca\/","name":"couvreuremilelelievre","description":"Emile Leli\u00e8vre - Services toitures r\u00e9sidentielles et commerciales","publisher":{"@id":"https:\/\/couvreuremilelelievre.ca\/#organization"},"potentialAction":[{"@type":"SearchAction","target":{"@type":"EntryPoint","urlTemplate":"https:\/\/couvreuremilelelievre.ca\/?s={search_term_string}"},"query-input":{"@type":"PropertyValueSpecification","valueRequired":true,"valueName":"search_term_string"}}],"inLanguage":"en-US"},{"@type":"Organization","@id":"https:\/\/couvreuremilelelievre.ca\/#organization","name":"Emile Leli\u00e8vre Ferblantier Couvreur","url":"https:\/\/couvreuremilelelievre.ca\/","logo":{"@type":"ImageObject","inLanguage":"en-US","@id":"https:\/\/couvreuremilelelievre.ca\/#\/schema\/logo\/image\/","url":"https:\/\/couvreuremilelelievre.ca\/wp-content\/uploads\/2018\/01\/Logo.png","contentUrl":"https:\/\/couvreuremilelelievre.ca\/wp-content\/uploads\/2018\/01\/Logo.png","width":300,"height":300,"caption":"Emile Leli\u00e8vre Ferblantier Couvreur"},"image":{"@id":"https:\/\/couvreuremilelelievre.ca\/#\/schema\/logo\/image\/"},"sameAs":["https:\/\/www.facebook.com\/couvreuremilelelievre\/","https:\/\/www.linkedin.com\/company\/11247181\/"]}]}},"_links":{"self":[{"href":"https:\/\/couvreuremilelelievre.ca\/en\/wp-json\/wp\/v2\/pages\/78387\/"}],"collection":[{"href":"https:\/\/couvreuremilelelievre.ca\/en\/wp-json\/wp\/v2\/pages\/"}],"about":[{"href":"https:\/\/couvreuremilelelievre.ca\/en\/wp-json\/wp\/v2\/types\/page\/"}],"author":[{"embeddable":true,"href":"https:\/\/couvreuremilelelievre.ca\/en\/wp-json\/wp\/v2\/users\/1\/"}],"replies":[{"embeddable":true,"href":"https:\/\/couvreuremilelelievre.ca\/en\/wp-json\/wp\/v2\/comments\/?post=78387"}],"version-history":[{"count":6,"href":"https:\/\/couvreuremilelelievre.ca\/en\/wp-json\/wp\/v2\/pages\/78387\/revisions\/"}],"predecessor-version":[{"id":78394,"href":"https:\/\/couvreuremilelelievre.ca\/en\/wp-json\/wp\/v2\/pages\/78387\/revisions\/78394\/"}],"up":[{"embeddable":true,"href":"https:\/\/couvreuremilelelievre.ca\/en\/wp-json\/wp\/v2\/pages\/76154\/"}],"wp:attachment":[{"href":"https:\/\/couvreuremilelelievre.ca\/en\/wp-json\/wp\/v2\/media\/?parent=78387"}],"curies":[{"name":"wp","href":"https:\/\/api.w.org\/{rel}","templated":true}]}}